{"id":1886,"date":"2025-12-06T15:41:48","date_gmt":"2025-12-06T15:41:48","guid":{"rendered":"https:\/\/siguriasiar.com\/?page_id=1886"},"modified":"2026-01-28T12:10:45","modified_gmt":"2026-01-28T12:10:45","slug":"operacionet-gri","status":"publish","type":"page","link":"https:\/\/siguriasiar.com\/en\/operacionet-gri\/","title":{"rendered":"Grey Operations"},"content":{"rendered":"\t\t<div data-elementor-type=\"wp-page\" data-elementor-id=\"1886\" class=\"elementor elementor-1886\" data-elementor-post-type=\"page\">\n\t\t\t\t<div class=\"elementor-element elementor-element-275295a e-flex e-con-boxed e-con e-parent\" data-id=\"275295a\" data-element_type=\"container\" data-e-type=\"container\" data-settings=\"{&quot;background_background&quot;:&quot;classic&quot;}\">\n\t\t\t\t\t<div class=\"e-con-inner\">\n\t\t\t\t<div class=\"elementor-element elementor-element-6f605a8 elementor-widget elementor-widget-elementskit-heading\" data-id=\"6f605a8\" data-element_type=\"widget\" data-e-type=\"widget\" data-widget_type=\"elementskit-heading.default\">\n\t\t\t\t\t<div class=\"ekit-wid-con\" ><div class=\"ekit-heading elementskit-section-title-wraper text_left   ekit_heading_tablet-   ekit_heading_mobile-text_center\"><h2 class=\"ekit-heading--title elementskit-section-title \">Operacionet Gri<\/h2><h5 class=\"ekit-heading--subtitle elementskit-section-subtitle  \">\n\t\t\t\t\t\tK\u00ebrc\u00ebnimet moderne nuk vijn\u00eb gjithmon\u00eb n\u00eb forma t\u00eb dukshme.\n\t\t\t\t\t<\/h5><\/div><\/div>\t\t\t\t<\/div>\n\t\t\t\t\t<\/div>\n\t\t\t\t<\/div>\n\t\t<div class=\"elementor-element elementor-element-ca45f03 e-flex e-con-boxed e-con e-parent\" data-id=\"ca45f03\" data-element_type=\"container\" data-e-type=\"container\">\n\t\t\t\t\t<div class=\"e-con-inner\">\n\t\t<div class=\"elementor-element elementor-element-b940ce9 e-con-full e-flex e-con e-child\" data-id=\"b940ce9\" data-element_type=\"container\" data-e-type=\"container\">\n\t\t\t\t<div class=\"elementor-element elementor-element-2f72d8e elementor-widget elementor-widget-text-editor\" data-id=\"2f72d8e\" data-element_type=\"widget\" data-e-type=\"widget\" data-widget_type=\"text-editor.default\">\n\t\t\t\t\t\t\t\t\t<p><strong>Operacionet e Siguris\u00eb s\u00eb Avancuar<\/strong>\u00a0<span style=\"letter-spacing: 0px;\">(Covert Ops \/ Gray Ops)\u00a0<\/span><span style=\"letter-spacing: 0px;\">mbrojn\u00eb atje ku metodat tradicionale nuk arrijn\u00eb.\u00a0<\/span><span style=\"letter-spacing: 0px;\">\u00a0<\/span><\/p><p><span style=\"letter-spacing: 0px;\">Ndryshe nga operacionet \u201cBlack Ops\u201d t\u00eb strukturave shtet\u00ebrore, n\u00eb sektorin privat ne operojm\u00eb brenda kuadrit ligjor, duke p\u00ebrdorur metodologji t\u00eb avancuara t\u00eb inteligjenc\u00ebs, teknologjis\u00eb dhe hetimit p\u00ebr t\u00eb parandaluar, menaxhuar dhe neutralizuar k\u00ebrc\u00ebnime reale.<\/span><\/p><p><span style=\"letter-spacing: 0px; background-color: transparent;\">Pik\u00ebrisht p\u00ebr k\u00ebt\u00eb arsye\u00a0<\/span><span style=\"background-color: transparent; letter-spacing: 0px;\">k<\/span><span style=\"letter-spacing: 0px;\">\u00ebto operacione\u00a0<\/span><span style=\"background-color: transparent; letter-spacing: 0px;\">po b\u00ebhen kaq t<\/span><span style=\"letter-spacing: 0px;\">\u00eb<\/span><span style=\"background-color: transparent; letter-spacing: 0px;\">\u00a0domosdoshme p<\/span><span style=\"letter-spacing: 0px;\">\u00ebr klient<\/span><span style=\"letter-spacing: 0px;\">\u00ebt tan<\/span><span style=\"letter-spacing: 0px;\">\u00eb dhe pse Siguria Siar e ofron tashm<\/span><span style=\"letter-spacing: 0px;\">\u00eb<\/span><span style=\"letter-spacing: 0px;\">\u00a0k<\/span><span style=\"letter-spacing: 0px;\">\u00ebt<\/span><span style=\"letter-spacing: 0px;\">\u00eb zgjidhje.\u00a0<\/span><\/p><p><strong>Q\u00ebllimi yn\u00eb:<\/strong> t\u00eb ndalojm\u00eb, menaxhojm\u00eb dhe neutralizojm\u00eb rreziqet para se t\u00eb shkaktojn\u00eb d\u00ebm me profesionaliz\u00ebm, diskresion absolut dhe respekt ndaj ligjit.<\/p>\t\t\t\t\t\t\t\t<\/div>\n\t\t\t\t<\/div>\n\t\t<div class=\"elementor-element elementor-element-2dad27f e-con-full e-flex e-con e-child\" data-id=\"2dad27f\" data-element_type=\"container\" data-e-type=\"container\">\n\t\t\t\t<div class=\"elementor-element elementor-element-5239af2 elementor-widget elementor-widget-image\" data-id=\"5239af2\" data-element_type=\"widget\" data-e-type=\"widget\" data-widget_type=\"image.default\">\n\t\t\t\t\t\t\t\t\t\t\t\t\t\t\t<img fetchpriority=\"high\" decoding=\"async\" width=\"653\" height=\"415\" src=\"https:\/\/siguriasiar.com\/wp-content\/uploads\/2026\/01\/security-ops-image-scaled-e1769602232373.jpg\" class=\"attachment-full size-full wp-image-2129\" alt=\"Grey Ops\" srcset=\"https:\/\/siguriasiar.com\/wp-content\/uploads\/2026\/01\/security-ops-image-scaled-e1769602232373.jpg 653w, https:\/\/siguriasiar.com\/wp-content\/uploads\/2026\/01\/security-ops-image-scaled-e1769602232373-300x191.jpg 300w, https:\/\/siguriasiar.com\/wp-content\/uploads\/2026\/01\/security-ops-image-scaled-e1769602232373-18x12.jpg 18w\" sizes=\"(max-width: 653px) 100vw, 653px\" \/>\t\t\t\t\t\t\t\t\t\t\t\t\t\t\t<\/div>\n\t\t\t\t<\/div>\n\t\t\t\t\t<\/div>\n\t\t\t\t<\/div>\n\t\t<div class=\"elementor-element elementor-element-06879fe e-flex e-con-boxed e-con e-parent\" data-id=\"06879fe\" data-element_type=\"container\" data-e-type=\"container\">\n\t\t\t\t\t<div class=\"e-con-inner\">\n\t\t<div class=\"elementor-element elementor-element-84162c8 e-con-full e-flex e-con e-child\" data-id=\"84162c8\" data-element_type=\"container\" data-e-type=\"container\">\n\t\t\t\t<div class=\"elementor-element elementor-element-eb4dbb5 elementor-widget elementor-widget-heading\" data-id=\"eb4dbb5\" data-element_type=\"widget\" data-e-type=\"widget\" data-widget_type=\"heading.default\">\n\t\t\t\t\t<h2 class=\"elementor-heading-title elementor-size-default\">\u00c7far\u00eb p\u00ebrfshin nj\u00eb Operacion Gri?<\/h2>\t\t\t\t<\/div>\n\t\t\t\t<div class=\"elementor-element elementor-element-21a25e3 elementor-widget elementor-widget-text-editor\" data-id=\"21a25e3\" data-element_type=\"widget\" data-e-type=\"widget\" data-widget_type=\"text-editor.default\">\n\t\t\t\t\t\t\t\t\t<p><strong>1. Zbulim inteligjent &amp; hetim i thelluar<\/strong><br \/>P\u00ebrdorim teknika profesionale t\u00eb OSINT, HUMINT, SIGINT, duke grumbulluar informacion kritik mbi individ\u00eb, kompani dhe rrjete me potencial k\u00ebrc\u00ebnues \u2013 gjithmon\u00eb n\u00eb m\u00ebnyr\u00eb t\u00eb ligjshme dhe t\u00eb strukturuar.<\/p><p><strong>2. Operacione t\u00eb fshehta hetimore<\/strong><br \/>Ekipet tona, t\u00eb p\u00ebrb\u00ebra nga ish-punonj\u00ebs me p\u00ebrvoj\u00eb n\u00eb sh\u00ebrbimet inteligjente, kryejn\u00eb hetime diskrete p\u00ebr:<\/p><ul><li>mashtrime,<\/li><li>konkurrenc\u00eb t\u00eb pandershme,<\/li><li>aktivitete kriminale q\u00eb mund t\u00eb d\u00ebmtojn\u00eb interesat e klientit.<\/li><\/ul><div>\u00a0<\/div><p><strong>3. Siguri e integruar fizike dhe kibernetike<\/strong><\/p><p>Kombinojm\u00eb masa t\u00eb avancuara t\u00eb mbrojtjes fizike me siguri dixhitale p\u00ebr t\u00eb krijuar nj\u00eb ombrell\u00eb t\u00eb plot\u00eb sigurie p\u00ebr individ\u00ebt dhe bizneset e profilit t\u00eb lart\u00eb.<\/p><p><strong>4. Red Teaming &amp; Social Engineering<\/strong><\/p><p>Simulojm\u00eb sulme reale fizike dhe kibernetike p\u00ebr t\u00eb testuar mbrojtjen ekzistuese dhe p\u00ebr t\u00eb zbuluar dob\u00ebsit\u00eb p\u00ebrpara kund\u00ebrshtar\u00ebve t\u00eb v\u00ebrtet\u00eb.<\/p><p><strong>5. Menaxhim krize &amp; neutralizim k\u00ebrc\u00ebnimesh<\/strong><\/p><p>Ofrojm\u00eb mb\u00ebshtetje strategjike dhe taktike n\u00eb situata emergjente, duke p\u00ebrfshir\u00eb:<\/p><ul><li>menaxhim reputacioni<\/li><li>negociata,<\/li><li>siguri n\u00eb terren,reagim t\u00eb shpejt\u00eb ndaj k\u00ebrc\u00ebnimeve aktive.<\/li><\/ul><div>\u00a0<\/div><p class=\"text-text-100 mt-3 -mb-1 text-[1.125rem] font-bold\"><strong>Kur mbrojtja e zakonshme nuk mjafton<\/strong><\/p><p class=\"font-claude-response-body break-words whitespace-normal leading-[1.7]\">Sh\u00ebrbimet tona mbulojn\u00eb ato q\u00eb siguria tradicionale nuk i arrin: tradhtia e brendshme, sabotimi n\u00eb kompani, sulme q\u00eb kombinojn\u00eb disa forma nj\u00ebher\u00ebsh, infiltrime n\u00eb rrjetet tuaja, dhe sulme t\u00eb planifikuara kund\u00ebr reputacionit.<\/p>\t\t\t\t\t\t\t\t<\/div>\n\t\t\t\t<\/div>\n\t\t\t\t\t<\/div>\n\t\t\t\t<\/div>\n\t\t<div class=\"elementor-element elementor-element-170a2786 e-flex e-con-boxed e-con e-parent\" data-id=\"170a2786\" data-element_type=\"container\" data-e-type=\"container\" data-settings=\"{&quot;background_background&quot;:&quot;classic&quot;}\">\n\t\t\t\t\t<div class=\"e-con-inner\">\n\t\t\t\t<div class=\"elementor-element elementor-element-3e687cca elementor-widget__width-initial elementor-widget elementor-widget-elementskit-heading\" data-id=\"3e687cca\" data-element_type=\"widget\" data-e-type=\"widget\" data-widget_type=\"elementskit-heading.default\">\n\t\t\t\t\t<div class=\"ekit-wid-con\" ><div class=\"ekit-heading elementskit-section-title-wraper center   ekit_heading_tablet-   ekit_heading_mobile-\"><h3 class=\"elementskit-section-subtitle  \">\n\t\t\t\t\t\tSiguria juaj \u00ebsht\u00eb prioriteti yn\u00eb.\n\t\t\t\t\t<\/h3><h2 class=\"ekit-heading--title elementskit-section-title \">Zbuloni si mund t\u2019ju ndihmojm\u00eb t\u00eb mbroni at\u00eb q\u00eb ka m\u00eb shum\u00eb r\u00ebnd\u00ebsi.<\/h2><\/div><\/div>\t\t\t\t<\/div>\n\t\t\t\t<div class=\"elementor-element elementor-element-762edbeb elementor-align--mobilecenter elementor-align-center elementor-widget elementor-widget-elementskit-button\" data-id=\"762edbeb\" data-element_type=\"widget\" data-e-type=\"widget\" data-widget_type=\"elementskit-button.default\">\n\t\t\t\t\t<div class=\"ekit-wid-con\" >\t\t<div class=\"ekit-btn-wraper\">\n\t\t\t\t\t\t\t<a href=\"#\" class=\"elementskit-btn  whitespace--normal\" id=\"\">\n\t\t\t\t\t<svg class=\"e-font-icon-svg e-fas-phone-alt\" viewBox=\"0 0 512 512\" xmlns=\"http:\/\/www.w3.org\/2000\/svg\"><path d=\"M497.39 361.8l-112-48a24 24 0 0 0-28 6.9l-49.6 60.6A370.66 370.66 0 0 1 130.6 204.11l60.6-49.6a23.94 23.94 0 0 0 6.9-28l-48-112A24.16 24.16 0 0 0 122.6.61l-104 24A24 24 0 0 0 0 48c0 256.5 207.9 464 464 464a24 24 0 0 0 23.4-18.6l24-104a24.29 24.29 0 0 0-14.01-27.6z\"><\/path><\/svg>Kontakto tani\t\t\t\t<\/a>\n\t\t\t\t\t<\/div>\n        <\/div>\t\t\t\t<\/div>\n\t\t\t\t\t<\/div>\n\t\t\t\t<\/div>\n\t\t\t\t<\/div>\n\t\t","protected":false},"excerpt":{"rendered":"<p>Operacionet Gri K\u00ebrc\u00ebnimet moderne nuk vijn\u00eb gjithmon\u00eb n\u00eb forma t\u00eb dukshme. Operacionet e Siguris\u00eb s\u00eb Avancuar\u00a0(Covert Ops \/ Gray Ops)\u00a0mbrojn\u00eb atje ku metodat tradicionale nuk arrijn\u00eb.\u00a0\u00a0 Ndryshe nga operacionet \u201cBlack Ops\u201d t\u00eb strukturave shtet\u00ebrore, n\u00eb sektorin privat ne operojm\u00eb brenda kuadrit ligjor, duke p\u00ebrdorur metodologji t\u00eb avancuara t\u00eb inteligjenc\u00ebs, teknologjis\u00eb dhe hetimit p\u00ebr t\u00eb parandaluar, [&hellip;]<\/p>\n","protected":false},"author":1,"featured_media":0,"parent":0,"menu_order":0,"comment_status":"closed","ping_status":"closed","template":"","meta":{"footnotes":""},"class_list":["post-1886","page","type-page","status-publish","hentry"],"_hostinger_reach_plugin_has_subscription_block":false,"_hostinger_reach_plugin_is_elementor":false,"_links":{"self":[{"href":"https:\/\/siguriasiar.com\/en\/wp-json\/wp\/v2\/pages\/1886","targetHints":{"allow":["GET"]}}],"collection":[{"href":"https:\/\/siguriasiar.com\/en\/wp-json\/wp\/v2\/pages"}],"about":[{"href":"https:\/\/siguriasiar.com\/en\/wp-json\/wp\/v2\/types\/page"}],"author":[{"embeddable":true,"href":"https:\/\/siguriasiar.com\/en\/wp-json\/wp\/v2\/users\/1"}],"replies":[{"embeddable":true,"href":"https:\/\/siguriasiar.com\/en\/wp-json\/wp\/v2\/comments?post=1886"}],"version-history":[{"count":43,"href":"https:\/\/siguriasiar.com\/en\/wp-json\/wp\/v2\/pages\/1886\/revisions"}],"predecessor-version":[{"id":2138,"href":"https:\/\/siguriasiar.com\/en\/wp-json\/wp\/v2\/pages\/1886\/revisions\/2138"}],"wp:attachment":[{"href":"https:\/\/siguriasiar.com\/en\/wp-json\/wp\/v2\/media?parent=1886"}],"curies":[{"name":"wp","href":"https:\/\/api.w.org\/{rel}","templated":true}]}}