{"id":2078,"date":"2026-01-19T09:41:05","date_gmt":"2026-01-19T09:41:05","guid":{"rendered":"https:\/\/siguriasiar.com\/?page_id=2078"},"modified":"2026-01-19T10:08:20","modified_gmt":"2026-01-19T10:08:20","slug":"blog","status":"publish","type":"page","link":"https:\/\/siguriasiar.com\/en\/blog\/","title":{"rendered":"Blog"},"content":{"rendered":"<div data-elementor-type=\"wp-page\" data-elementor-id=\"2078\" class=\"elementor elementor-2078\" data-elementor-post-type=\"page\">\n\t\t\t\t<div class=\"elementor-element elementor-element-275295a e-flex e-con-boxed e-con e-parent\" data-id=\"275295a\" data-element_type=\"container\" data-e-type=\"container\" data-settings=\"{&quot;background_background&quot;:&quot;classic&quot;}\">\n\t\t\t\t\t<div class=\"e-con-inner\">\n\t\t\t\t<div class=\"elementor-element elementor-element-6f605a8 elementor-widget elementor-widget-elementskit-heading\" data-id=\"6f605a8\" data-element_type=\"widget\" data-e-type=\"widget\" data-widget_type=\"elementskit-heading.default\">\n\t\t\t\t\t<div class=\"ekit-wid-con\" ><div class=\"ekit-heading elementskit-section-title-wraper text_left   ekit_heading_tablet-   ekit_heading_mobile-text_center\"><h2 class=\"ekit-heading--title elementskit-section-title\">Blog<\/h2><h5 class=\"ekit-heading--subtitle elementskit-section-subtitle\">\n\t\t\t\t\t\tLorem Ipsum...\n\t\t\t\t\t<\/h5><\/div><\/div>\t\t\t\t<\/div>\n\t\t\t\t\t<\/div>\n\t\t\t\t<\/div>\n\t\t<div class=\"elementor-element elementor-element-d9d52fb e-flex e-con-boxed e-con e-parent\" data-id=\"d9d52fb\" data-element_type=\"container\" data-e-type=\"container\">\n\t\t\t\t\t<div class=\"e-con-inner\">\n\t\t\t\t<div class=\"elementor-element elementor-element-650cfe6 elementor-grid-3 elementor-grid-tablet-2 elementor-grid-mobile-1 elementor-posts--thumbnail-top elementor-widget elementor-widget-posts\" data-id=\"650cfe6\" data-element_type=\"widget\" data-e-type=\"widget\" data-settings=\"{&quot;classic_columns&quot;:&quot;3&quot;,&quot;classic_columns_tablet&quot;:&quot;2&quot;,&quot;classic_columns_mobile&quot;:&quot;1&quot;,&quot;classic_row_gap&quot;:{&quot;unit&quot;:&quot;px&quot;,&quot;size&quot;:35,&quot;sizes&quot;:[]},&quot;classic_row_gap_tablet&quot;:{&quot;unit&quot;:&quot;px&quot;,&quot;size&quot;:&quot;&quot;,&quot;sizes&quot;:[]},&quot;classic_row_gap_mobile&quot;:{&quot;unit&quot;:&quot;px&quot;,&quot;size&quot;:&quot;&quot;,&quot;sizes&quot;:[]}}\" data-widget_type=\"posts.classic\">\n\t\t\t\t<div class=\"elementor-widget-container\">\n\t\t\t\t\t\t\t<div class=\"elementor-posts-container elementor-posts elementor-posts--skin-classic elementor-grid\" role=\"list\">\n\t\t\t\t<article class=\"elementor-post elementor-grid-item post-1 post type-post status-publish format-standard has-post-thumbnail hentry category-investigim category-siguria tag-ceshtje tag-siguria-siar tag-zgjidhje\" role=\"listitem\">\n\t\t\t\t<a class=\"elementor-post__thumbnail__link\" href=\"https:\/\/siguriasiar.com\/en\/kur-puna-e-bere-mire-shpeton-nje-jete\/\" tabindex=\"-1\" >\n\t\t\t<div class=\"elementor-post__thumbnail\"><img fetchpriority=\"high\" decoding=\"async\" width=\"1080\" height=\"607\" src=\"https:\/\/siguriasiar.com\/wp-content\/uploads\/2025\/11\/imazh.jpg\" class=\"attachment-full size-full wp-image-2119\" alt=\"siguria siar\" srcset=\"https:\/\/siguriasiar.com\/wp-content\/uploads\/2025\/11\/imazh.jpg 1080w, https:\/\/siguriasiar.com\/wp-content\/uploads\/2025\/11\/imazh-300x169.jpg 300w, https:\/\/siguriasiar.com\/wp-content\/uploads\/2025\/11\/imazh-1024x576.jpg 1024w, https:\/\/siguriasiar.com\/wp-content\/uploads\/2025\/11\/imazh-768x432.jpg 768w, https:\/\/siguriasiar.com\/wp-content\/uploads\/2025\/11\/imazh-18x10.jpg 18w\" sizes=\"(max-width: 1080px) 100vw, 1080px\" \/><\/div>\n\t\t<\/a>\n\t\t\t\t<div class=\"elementor-post__text\">\n\t\t\t\t<h3 class=\"elementor-post__title\">\n\t\t\t<a href=\"https:\/\/siguriasiar.com\/en\/kur-puna-e-bere-mire-shpeton-nje-jete\/\" >\n\t\t\t\tWhen a job well done saves a life\t\t\t<\/a>\n\t\t<\/h3>\n\t\t\t\t<div class=\"elementor-post__excerpt\">\n\t\t\t<p>How the work done by the Siguria Siar team saved the life of a young woman in a complex situation that took nearly a year of dedication<\/p>\n\t\t<\/div>\n\t\t\n\t\t<a class=\"elementor-post__read-more\" href=\"https:\/\/siguriasiar.com\/en\/kur-puna-e-bere-mire-shpeton-nje-jete\/\" aria-label=\"Read more about Kur puna e b\u00ebr\u00eb mir\u00eb shp\u00ebton nj\u00eb jet\u00eb\" tabindex=\"-1\" >\n\t\t\tRead More \u00bb\t\t<\/a>\n\n\t\t\t\t<\/div>\n\t\t\t\t<\/article>\n\t\t\t\t<\/div>\n\t\t\n\t\t\t\t\t\t<\/div>\n\t\t\t\t<\/div>\n\t\t\t\t\t<\/div>\n\t\t\t\t<\/div>\n\t\t\t\t<\/div>","protected":false},"excerpt":{"rendered":"<p>Blog Lorem Ipsum&#8230;<\/p>","protected":false},"author":1,"featured_media":0,"parent":0,"menu_order":0,"comment_status":"closed","ping_status":"closed","template":"","meta":{"footnotes":""},"class_list":["post-2078","page","type-page","status-publish","hentry"],"_hostinger_reach_plugin_has_subscription_block":false,"_hostinger_reach_plugin_is_elementor":false,"_links":{"self":[{"href":"https:\/\/siguriasiar.com\/en\/wp-json\/wp\/v2\/pages\/2078","targetHints":{"allow":["GET"]}}],"collection":[{"href":"https:\/\/siguriasiar.com\/en\/wp-json\/wp\/v2\/pages"}],"about":[{"href":"https:\/\/siguriasiar.com\/en\/wp-json\/wp\/v2\/types\/page"}],"author":[{"embeddable":true,"href":"https:\/\/siguriasiar.com\/en\/wp-json\/wp\/v2\/users\/1"}],"replies":[{"embeddable":true,"href":"https:\/\/siguriasiar.com\/en\/wp-json\/wp\/v2\/comments?post=2078"}],"version-history":[{"count":28,"href":"https:\/\/siguriasiar.com\/en\/wp-json\/wp\/v2\/pages\/2078\/revisions"}],"predecessor-version":[{"id":2114,"href":"https:\/\/siguriasiar.com\/en\/wp-json\/wp\/v2\/pages\/2078\/revisions\/2114"}],"wp:attachment":[{"href":"https:\/\/siguriasiar.com\/en\/wp-json\/wp\/v2\/media?parent=2078"}],"curies":[{"name":"wp","href":"https:\/\/api.w.org\/{rel}","templated":true}]}}