{"id":261,"date":"2025-11-03T22:42:24","date_gmt":"2025-11-03T22:42:24","guid":{"rendered":"https:\/\/siguriasiar.com\/?page_id=261"},"modified":"2025-11-09T10:03:05","modified_gmt":"2025-11-09T10:03:05","slug":"biznes","status":"publish","type":"page","link":"https:\/\/siguriasiar.com\/en\/biznes\/","title":{"rendered":"Business"},"content":{"rendered":"<div data-elementor-type=\"wp-page\" data-elementor-id=\"261\" class=\"elementor elementor-261\" data-elementor-post-type=\"page\">\n\t\t\t\t<div class=\"elementor-element elementor-element-2377733 e-flex e-con-boxed elementor-invisible e-con e-parent\" data-id=\"2377733\" data-element_type=\"container\" data-e-type=\"container\" data-settings=\"{&quot;animation&quot;:&quot;fadeIn&quot;}\">\n\t\t\t\t\t<div class=\"e-con-inner\">\n\t\t\t\t<div class=\"elementor-element elementor-element-48d3277 elementor-widget__width-initial elementor-widget elementor-widget-elementskit-heading\" data-id=\"48d3277\" data-element_type=\"widget\" data-e-type=\"widget\" data-widget_type=\"elementskit-heading.default\">\n\t\t\t\t\t<div class=\"ekit-wid-con\" ><div class=\"ekit-heading elementskit-section-title-wraper center   ekit_heading_tablet-   ekit_heading_mobile-\"><h2 class=\"ekit-heading--title elementskit-section-title\">Business Services<\/h2><\/div><\/div>\t\t\t\t<\/div>\n\t\t<div class=\"elementor-element elementor-element-eb4dad0 e-grid e-con-full e-con e-child\" data-id=\"eb4dad0\" data-element_type=\"container\" data-e-type=\"container\">\n\t\t<div class=\"elementor-element elementor-element-3d59e73 e-con-full e-transform e-flex e-con e-child\" data-id=\"3d59e73\" data-element_type=\"container\" data-e-type=\"container\" data-settings=\"{&quot;_transform_translateX_effect_hover&quot;:{&quot;unit&quot;:&quot;px&quot;,&quot;size&quot;:5,&quot;sizes&quot;:[]},&quot;_transform_translateX_effect_hover_tablet&quot;:{&quot;unit&quot;:&quot;px&quot;,&quot;size&quot;:&quot;&quot;,&quot;sizes&quot;:[]},&quot;_transform_translateX_effect_hover_mobile&quot;:{&quot;unit&quot;:&quot;px&quot;,&quot;size&quot;:&quot;&quot;,&quot;sizes&quot;:[]},&quot;_transform_translateY_effect_hover&quot;:{&quot;unit&quot;:&quot;px&quot;,&quot;size&quot;:&quot;&quot;,&quot;sizes&quot;:[]},&quot;_transform_translateY_effect_hover_tablet&quot;:{&quot;unit&quot;:&quot;px&quot;,&quot;size&quot;:&quot;&quot;,&quot;sizes&quot;:[]},&quot;_transform_translateY_effect_hover_mobile&quot;:{&quot;unit&quot;:&quot;px&quot;,&quot;size&quot;:&quot;&quot;,&quot;sizes&quot;:[]}}\">\n\t\t\t\t<div class=\"elementor-element elementor-element-024823a elementor-widget elementor-widget-image\" data-id=\"024823a\" data-element_type=\"widget\" data-e-type=\"widget\" data-widget_type=\"image.default\">\n\t\t\t\t\t\t\t\t\t\t\t\t\t\t\t<img fetchpriority=\"high\" decoding=\"async\" width=\"1920\" height=\"1280\" src=\"https:\/\/siguriasiar.com\/wp-content\/uploads\/2025\/11\/RISK-MANAGEMENT.jpg\" class=\"attachment-full size-full wp-image-1020\" alt=\"\" srcset=\"https:\/\/siguriasiar.com\/wp-content\/uploads\/2025\/11\/RISK-MANAGEMENT.jpg 1920w, https:\/\/siguriasiar.com\/wp-content\/uploads\/2025\/11\/RISK-MANAGEMENT-300x200.jpg 300w, https:\/\/siguriasiar.com\/wp-content\/uploads\/2025\/11\/RISK-MANAGEMENT-1024x683.jpg 1024w, https:\/\/siguriasiar.com\/wp-content\/uploads\/2025\/11\/RISK-MANAGEMENT-768x512.jpg 768w, https:\/\/siguriasiar.com\/wp-content\/uploads\/2025\/11\/RISK-MANAGEMENT-1536x1024.jpg 1536w, https:\/\/siguriasiar.com\/wp-content\/uploads\/2025\/11\/RISK-MANAGEMENT-18x12.jpg 18w\" sizes=\"(max-width: 1920px) 100vw, 1920px\" \/>\t\t\t\t\t\t\t\t\t\t\t\t\t\t\t<\/div>\n\t\t\t\t<div class=\"elementor-element elementor-element-35c1261 elementor-widget elementor-widget-heading\" data-id=\"35c1261\" data-element_type=\"widget\" data-e-type=\"widget\" data-widget_type=\"heading.default\">\n\t\t\t\t\t<h2 class=\"elementor-heading-title elementor-size-default\">Business risk management<\/h2>\t\t\t\t<\/div>\n\t\t\t\t<div class=\"elementor-element elementor-element-3cd4581 elementor-widget elementor-widget-text-editor\" data-id=\"3cd4581\" data-element_type=\"widget\" data-e-type=\"widget\" data-widget_type=\"text-editor.default\">\n\t\t\t\t\t\t\t\t\t<p>Risk Identification, Risk Mitigation Strategies, Preventive Measures, Response &amp; Recovery, Monitoring and Continuous Improvement.<\/p>\t\t\t\t\t\t\t\t<\/div>\n\t\t\t\t<div class=\"elementor-element elementor-element-ac092b4 elementor-align--mobilecenter elementor-align-left elementor-widget elementor-widget-elementskit-button\" data-id=\"ac092b4\" data-element_type=\"widget\" data-e-type=\"widget\" data-widget_type=\"elementskit-button.default\">\n\t\t\t\t\t<div class=\"ekit-wid-con\" >\t\t<div class=\"ekit-btn-wraper\">\n\t\t\t\t\t\t\t<a href=\"https:\/\/siguriasiar.com\/en\/menaxhim-i-riskut-ne-biznes\/\" class=\"elementskit-btn  whitespace--normal\" id=\"\">\n\t\t\t\t\t<svg class=\"e-font-icon-svg e-fas-chevron-circle-right\" viewbox=\"0 0 512 512\" xmlns=\"http:\/\/www.w3.org\/2000\/svg\"><path d=\"M256 8c137 0 248 111 248 248S393 504 256 504 8 393 8 256 119 8 256 8zm113.9 231L234.4 103.5c-9.4-9.4-24.6-9.4-33.9 0l-17 17c-9.4 9.4-9.4 24.6 0 33.9L285.1 256 183.5 357.6c-9.4 9.4-9.4 24.6 0 33.9l17 17c9.4 9.4 24.6 9.4 33.9 0L369.9 273c9.4-9.4 9.4-24.6 0-34z\"><\/path><\/svg>Read more\t\t\t\t<\/a>\n\t\t\t\t\t<\/div>\n        <\/div>\t\t\t\t<\/div>\n\t\t\t\t<\/div>\n\t\t<div class=\"elementor-element elementor-element-5c368f9 e-con-full e-transform e-flex e-con e-child\" data-id=\"5c368f9\" data-element_type=\"container\" data-e-type=\"container\" data-settings=\"{&quot;_transform_translateX_effect_hover&quot;:{&quot;unit&quot;:&quot;px&quot;,&quot;size&quot;:5,&quot;sizes&quot;:[]},&quot;_transform_translateX_effect_hover_tablet&quot;:{&quot;unit&quot;:&quot;px&quot;,&quot;size&quot;:&quot;&quot;,&quot;sizes&quot;:[]},&quot;_transform_translateX_effect_hover_mobile&quot;:{&quot;unit&quot;:&quot;px&quot;,&quot;size&quot;:&quot;&quot;,&quot;sizes&quot;:[]},&quot;_transform_translateY_effect_hover&quot;:{&quot;unit&quot;:&quot;px&quot;,&quot;size&quot;:&quot;&quot;,&quot;sizes&quot;:[]},&quot;_transform_translateY_effect_hover_tablet&quot;:{&quot;unit&quot;:&quot;px&quot;,&quot;size&quot;:&quot;&quot;,&quot;sizes&quot;:[]},&quot;_transform_translateY_effect_hover_mobile&quot;:{&quot;unit&quot;:&quot;px&quot;,&quot;size&quot;:&quot;&quot;,&quot;sizes&quot;:[]}}\">\n\t\t\t\t<div class=\"elementor-element elementor-element-a3949ea elementor-widget elementor-widget-image\" data-id=\"a3949ea\" data-element_type=\"widget\" data-e-type=\"widget\" data-widget_type=\"image.default\">\n\t\t\t\t\t\t\t\t\t\t\t\t\t\t\t<img decoding=\"async\" width=\"2304\" height=\"1536\" src=\"https:\/\/siguriasiar.com\/wp-content\/uploads\/2025\/11\/CONSTRUCTION-SITE-scaled-1.jpg\" class=\"attachment-full size-full wp-image-1024\" alt=\"\" srcset=\"https:\/\/siguriasiar.com\/wp-content\/uploads\/2025\/11\/CONSTRUCTION-SITE-scaled-1.jpg 2304w, https:\/\/siguriasiar.com\/wp-content\/uploads\/2025\/11\/CONSTRUCTION-SITE-scaled-1-300x200.jpg 300w, https:\/\/siguriasiar.com\/wp-content\/uploads\/2025\/11\/CONSTRUCTION-SITE-scaled-1-1024x683.jpg 1024w, https:\/\/siguriasiar.com\/wp-content\/uploads\/2025\/11\/CONSTRUCTION-SITE-scaled-1-768x512.jpg 768w, https:\/\/siguriasiar.com\/wp-content\/uploads\/2025\/11\/CONSTRUCTION-SITE-scaled-1-1536x1024.jpg 1536w, https:\/\/siguriasiar.com\/wp-content\/uploads\/2025\/11\/CONSTRUCTION-SITE-scaled-1-2048x1365.jpg 2048w, https:\/\/siguriasiar.com\/wp-content\/uploads\/2025\/11\/CONSTRUCTION-SITE-scaled-1-18x12.jpg 18w\" sizes=\"(max-width: 2304px) 100vw, 2304px\" \/>\t\t\t\t\t\t\t\t\t\t\t\t\t\t\t<\/div>\n\t\t\t\t<div class=\"elementor-element elementor-element-e243fa3 elementor-widget elementor-widget-heading\" data-id=\"e243fa3\" data-element_type=\"widget\" data-e-type=\"widget\" data-widget_type=\"heading.default\">\n\t\t\t\t\t<h2 class=\"elementor-heading-title elementor-size-default\">Occupational safety &amp; health<\/h2>\t\t\t\t<\/div>\n\t\t\t\t<div class=\"elementor-element elementor-element-71337e6 elementor-widget elementor-widget-text-editor\" data-id=\"71337e6\" data-element_type=\"widget\" data-e-type=\"widget\" data-widget_type=\"text-editor.default\">\n\t\t\t\t\t\t\t\t\t<p>General framework of occupational safety, Identification and assessment of risks in the workplace, Preventive and protective measures, Staff training and awareness, Employee health care, Monitoring, reporting and continuous improvement.<\/p>\t\t\t\t\t\t\t\t<\/div>\n\t\t\t\t<div class=\"elementor-element elementor-element-272cb36 elementor-align--mobilecenter elementor-align-left elementor-widget elementor-widget-elementskit-button\" data-id=\"272cb36\" data-element_type=\"widget\" data-e-type=\"widget\" data-widget_type=\"elementskit-button.default\">\n\t\t\t\t\t<div class=\"ekit-wid-con\" >\t\t<div class=\"ekit-btn-wraper\">\n\t\t\t\t\t\t\t<a href=\"https:\/\/siguriasiar.com\/en\/siguria-shendeti-ne-pune\/\" class=\"elementskit-btn  whitespace--normal\" id=\"\">\n\t\t\t\t\t<svg class=\"e-font-icon-svg e-fas-chevron-circle-right\" viewbox=\"0 0 512 512\" xmlns=\"http:\/\/www.w3.org\/2000\/svg\"><path d=\"M256 8c137 0 248 111 248 248S393 504 256 504 8 393 8 256 119 8 256 8zm113.9 231L234.4 103.5c-9.4-9.4-24.6-9.4-33.9 0l-17 17c-9.4 9.4-9.4 24.6 0 33.9L285.1 256 183.5 357.6c-9.4 9.4-9.4 24.6 0 33.9l17 17c9.4 9.4 24.6 9.4 33.9 0L369.9 273c9.4-9.4 9.4-24.6 0-34z\"><\/path><\/svg>Read more\t\t\t\t<\/a>\n\t\t\t\t\t<\/div>\n        <\/div>\t\t\t\t<\/div>\n\t\t\t\t<\/div>\n\t\t<div class=\"elementor-element elementor-element-d25f370 e-con-full e-transform e-flex e-con e-child\" data-id=\"d25f370\" data-element_type=\"container\" data-e-type=\"container\" data-settings=\"{&quot;_transform_translateX_effect_hover&quot;:{&quot;unit&quot;:&quot;px&quot;,&quot;size&quot;:5,&quot;sizes&quot;:[]},&quot;_transform_translateX_effect_hover_tablet&quot;:{&quot;unit&quot;:&quot;px&quot;,&quot;size&quot;:&quot;&quot;,&quot;sizes&quot;:[]},&quot;_transform_translateX_effect_hover_mobile&quot;:{&quot;unit&quot;:&quot;px&quot;,&quot;size&quot;:&quot;&quot;,&quot;sizes&quot;:[]},&quot;_transform_translateY_effect_hover&quot;:{&quot;unit&quot;:&quot;px&quot;,&quot;size&quot;:&quot;&quot;,&quot;sizes&quot;:[]},&quot;_transform_translateY_effect_hover_tablet&quot;:{&quot;unit&quot;:&quot;px&quot;,&quot;size&quot;:&quot;&quot;,&quot;sizes&quot;:[]},&quot;_transform_translateY_effect_hover_mobile&quot;:{&quot;unit&quot;:&quot;px&quot;,&quot;size&quot;:&quot;&quot;,&quot;sizes&quot;:[]}}\">\n\t\t\t\t<div class=\"elementor-element elementor-element-91c7ccc elementor-widget elementor-widget-image\" data-id=\"91c7ccc\" data-element_type=\"widget\" data-e-type=\"widget\" data-widget_type=\"image.default\">\n\t\t\t\t\t\t\t\t\t\t\t\t\t\t\t<img decoding=\"async\" src=\"https:\/\/siguriasiar.com\/wp-content\/uploads\/elementor\/thumbs\/06-18-19-Digital-Risks-refd1tdjpyif2ssyakuxud8kgut5x9q6mpqmf98qao.jpg\" title=\"Security concept: Lock on digital screen\" alt=\"Security concept: Lock on digital screen, contrast, 3d render\" loading=\"lazy\" \/>\t\t\t\t\t\t\t\t\t\t\t\t\t\t\t<\/div>\n\t\t\t\t<div class=\"elementor-element elementor-element-34a88ae elementor-widget elementor-widget-heading\" data-id=\"34a88ae\" data-element_type=\"widget\" data-e-type=\"widget\" data-widget_type=\"heading.default\">\n\t\t\t\t\t<h2 class=\"elementor-heading-title elementor-size-default\">Digital protection infrastructure<\/h2>\t\t\t\t<\/div>\n\t\t\t\t<div class=\"elementor-element elementor-element-819e404 elementor-widget elementor-widget-text-editor\" data-id=\"819e404\" data-element_type=\"widget\" data-e-type=\"widget\" data-widget_type=\"text-editor.default\">\n\t\t\t\t\t\t\t\t\t<p>Digital Infrastructure Monitoring and Protection, Cyber Incident Investigation and Analysis, Cyber Risk Assessment and Management, Incident Prevention and Response, Specialized Technical Services, Cyber Training and Education for Staff, Standards and Legal Compliance.<\/p>\t\t\t\t\t\t\t\t<\/div>\n\t\t\t\t<div class=\"elementor-element elementor-element-23a35b2 elementor-align--mobilecenter elementor-align-left elementor-widget elementor-widget-elementskit-button\" data-id=\"23a35b2\" data-element_type=\"widget\" data-e-type=\"widget\" data-widget_type=\"elementskit-button.default\">\n\t\t\t\t\t<div class=\"ekit-wid-con\" >\t\t<div class=\"ekit-btn-wraper\">\n\t\t\t\t\t\t\t<a href=\"https:\/\/siguriasiar.com\/en\/infrastrukture-e-mbrojtjes-dixhitale\/\" class=\"elementskit-btn  whitespace--normal\" id=\"\">\n\t\t\t\t\t<svg class=\"e-font-icon-svg e-fas-chevron-circle-right\" viewbox=\"0 0 512 512\" xmlns=\"http:\/\/www.w3.org\/2000\/svg\"><path d=\"M256 8c137 0 248 111 248 248S393 504 256 504 8 393 8 256 119 8 256 8zm113.9 231L234.4 103.5c-9.4-9.4-24.6-9.4-33.9 0l-17 17c-9.4 9.4-9.4 24.6 0 33.9L285.1 256 183.5 357.6c-9.4 9.4-9.4 24.6 0 33.9l17 17c9.4 9.4 24.6 9.4 33.9 0L369.9 273c9.4-9.4 9.4-24.6 0-34z\"><\/path><\/svg>Read more\t\t\t\t<\/a>\n\t\t\t\t\t<\/div>\n        <\/div>\t\t\t\t<\/div>\n\t\t\t\t<\/div>\n\t\t<div class=\"elementor-element elementor-element-3cf14bf e-con-full e-transform e-flex e-con e-child\" data-id=\"3cf14bf\" data-element_type=\"container\" data-e-type=\"container\" data-settings=\"{&quot;_transform_translateX_effect_hover&quot;:{&quot;unit&quot;:&quot;px&quot;,&quot;size&quot;:5,&quot;sizes&quot;:[]},&quot;_transform_translateX_effect_hover_tablet&quot;:{&quot;unit&quot;:&quot;px&quot;,&quot;size&quot;:&quot;&quot;,&quot;sizes&quot;:[]},&quot;_transform_translateX_effect_hover_mobile&quot;:{&quot;unit&quot;:&quot;px&quot;,&quot;size&quot;:&quot;&quot;,&quot;sizes&quot;:[]},&quot;_transform_translateY_effect_hover&quot;:{&quot;unit&quot;:&quot;px&quot;,&quot;size&quot;:&quot;&quot;,&quot;sizes&quot;:[]},&quot;_transform_translateY_effect_hover_tablet&quot;:{&quot;unit&quot;:&quot;px&quot;,&quot;size&quot;:&quot;&quot;,&quot;sizes&quot;:[]},&quot;_transform_translateY_effect_hover_mobile&quot;:{&quot;unit&quot;:&quot;px&quot;,&quot;size&quot;:&quot;&quot;,&quot;sizes&quot;:[]}}\">\n\t\t\t\t<div class=\"elementor-element elementor-element-030bb5c elementor-widget elementor-widget-image\" data-id=\"030bb5c\" data-element_type=\"widget\" data-e-type=\"widget\" data-widget_type=\"image.default\">\n\t\t\t\t\t\t\t\t\t\t\t\t\t\t\t<img decoding=\"async\" width=\"2560\" height=\"1469\" src=\"https:\/\/siguriasiar.com\/wp-content\/uploads\/2025\/11\/two-people-in-a-meeting-free-photo-scaled.jpg\" class=\"attachment-full size-full wp-image-858\" alt=\"\" srcset=\"https:\/\/siguriasiar.com\/wp-content\/uploads\/2025\/11\/two-people-in-a-meeting-free-photo-scaled.jpg 2560w, https:\/\/siguriasiar.com\/wp-content\/uploads\/2025\/11\/two-people-in-a-meeting-free-photo-300x172.jpg 300w, https:\/\/siguriasiar.com\/wp-content\/uploads\/2025\/11\/two-people-in-a-meeting-free-photo-1024x588.jpg 1024w, https:\/\/siguriasiar.com\/wp-content\/uploads\/2025\/11\/two-people-in-a-meeting-free-photo-768x441.jpg 768w, https:\/\/siguriasiar.com\/wp-content\/uploads\/2025\/11\/two-people-in-a-meeting-free-photo-1536x882.jpg 1536w, https:\/\/siguriasiar.com\/wp-content\/uploads\/2025\/11\/two-people-in-a-meeting-free-photo-2048x1175.jpg 2048w, https:\/\/siguriasiar.com\/wp-content\/uploads\/2025\/11\/two-people-in-a-meeting-free-photo-18x10.jpg 18w\" sizes=\"(max-width: 2560px) 100vw, 2560px\" \/>\t\t\t\t\t\t\t\t\t\t\t\t\t\t\t<\/div>\n\t\t\t\t<div class=\"elementor-element elementor-element-8212617 elementor-widget elementor-widget-heading\" data-id=\"8212617\" data-element_type=\"widget\" data-e-type=\"widget\" data-widget_type=\"heading.default\">\n\t\t\t\t\t<h2 class=\"elementor-heading-title elementor-size-default\">Transfer and protection of values<\/h2>\t\t\t\t<\/div>\n\t\t\t\t<div class=\"elementor-element elementor-element-a169d44 elementor-widget elementor-widget-text-editor\" data-id=\"a169d44\" data-element_type=\"widget\" data-e-type=\"widget\" data-widget_type=\"text-editor.default\">\n\t\t\t\t\t\t\t\t\t<p>Meaning and Purpose, Physical Transfers of Value, Financial and Digital Transfers, Legal Framework and Compliance, Operational Control and Traceability.<\/p>\t\t\t\t\t\t\t\t<\/div>\n\t\t\t\t<div class=\"elementor-element elementor-element-7b9c4d9 elementor-align--mobilecenter elementor-align-left elementor-widget elementor-widget-elementskit-button\" data-id=\"7b9c4d9\" data-element_type=\"widget\" data-e-type=\"widget\" data-widget_type=\"elementskit-button.default\">\n\t\t\t\t\t<div class=\"ekit-wid-con\" >\t\t<div class=\"ekit-btn-wraper\">\n\t\t\t\t\t\t\t<a href=\"https:\/\/siguriasiar.com\/en\/trasferim-dhe-mbrojtja-e-vlerave\/\" class=\"elementskit-btn  whitespace--normal\" id=\"\">\n\t\t\t\t\t<svg class=\"e-font-icon-svg e-fas-chevron-circle-right\" viewbox=\"0 0 512 512\" xmlns=\"http:\/\/www.w3.org\/2000\/svg\"><path d=\"M256 8c137 0 248 111 248 248S393 504 256 504 8 393 8 256 119 8 256 8zm113.9 231L234.4 103.5c-9.4-9.4-24.6-9.4-33.9 0l-17 17c-9.4 9.4-9.4 24.6 0 33.9L285.1 256 183.5 357.6c-9.4 9.4-9.4 24.6 0 33.9l17 17c9.4 9.4 24.6 9.4 33.9 0L369.9 273c9.4-9.4 9.4-24.6 0-34z\"><\/path><\/svg>Read more\t\t\t\t<\/a>\n\t\t\t\t\t<\/div>\n        <\/div>\t\t\t\t<\/div>\n\t\t\t\t<\/div>\n\t\t<div class=\"elementor-element elementor-element-255de65 e-con-full e-transform e-flex e-con e-child\" data-id=\"255de65\" data-element_type=\"container\" data-e-type=\"container\" data-settings=\"{&quot;_transform_translateX_effect_hover&quot;:{&quot;unit&quot;:&quot;px&quot;,&quot;size&quot;:5,&quot;sizes&quot;:[]},&quot;_transform_translateX_effect_hover_tablet&quot;:{&quot;unit&quot;:&quot;px&quot;,&quot;size&quot;:&quot;&quot;,&quot;sizes&quot;:[]},&quot;_transform_translateX_effect_hover_mobile&quot;:{&quot;unit&quot;:&quot;px&quot;,&quot;size&quot;:&quot;&quot;,&quot;sizes&quot;:[]},&quot;_transform_translateY_effect_hover&quot;:{&quot;unit&quot;:&quot;px&quot;,&quot;size&quot;:&quot;&quot;,&quot;sizes&quot;:[]},&quot;_transform_translateY_effect_hover_tablet&quot;:{&quot;unit&quot;:&quot;px&quot;,&quot;size&quot;:&quot;&quot;,&quot;sizes&quot;:[]},&quot;_transform_translateY_effect_hover_mobile&quot;:{&quot;unit&quot;:&quot;px&quot;,&quot;size&quot;:&quot;&quot;,&quot;sizes&quot;:[]}}\">\n\t\t\t\t<div class=\"elementor-element elementor-element-dbe5bb1 elementor-widget elementor-widget-image\" data-id=\"dbe5bb1\" data-element_type=\"widget\" data-e-type=\"widget\" data-widget_type=\"image.default\">\n\t\t\t\t\t\t\t\t\t\t\t\t\t\t\t<img decoding=\"async\" src=\"https:\/\/siguriasiar.com\/wp-content\/uploads\/elementor\/thumbs\/bigstock-Cctv-Surveillance-Security-Cam-302948716-1-e1767861580398-rhcghloq9j86cl7dueyf4tedpbolxjbg8v6gzmj3ts.jpg\" title=\"bigstock-Cctv-Surveillance-Security-Cam-302948716-1\" alt=\"mbikqyrje\" loading=\"lazy\" \/>\t\t\t\t\t\t\t\t\t\t\t\t\t\t\t<\/div>\n\t\t\t\t<div class=\"elementor-element elementor-element-e379463 elementor-widget elementor-widget-heading\" data-id=\"e379463\" data-element_type=\"widget\" data-e-type=\"widget\" data-widget_type=\"heading.default\">\n\t\t\t\t\t<h2 class=\"elementor-heading-title elementor-size-default\">CCTV surveillance &amp; online platforms<\/h2>\t\t\t\t<\/div>\n\t\t\t\t<div class=\"elementor-element elementor-element-497b2ce elementor-widget elementor-widget-text-editor\" data-id=\"497b2ce\" data-element_type=\"widget\" data-e-type=\"widget\" data-widget_type=\"text-editor.default\">\n\t\t\t\t\t\t\t\t\t<p>Purpose and function of CCTV systems, Main components of CCTV system, Online management and monitoring platforms, Data security and protection, Proactive maintenance and monitoring.<\/p>\t\t\t\t\t\t\t\t<\/div>\n\t\t\t\t<div class=\"elementor-element elementor-element-32be013 elementor-align--mobilecenter elementor-align-left elementor-widget elementor-widget-elementskit-button\" data-id=\"32be013\" data-element_type=\"widget\" data-e-type=\"widget\" data-widget_type=\"elementskit-button.default\">\n\t\t\t\t\t<div class=\"ekit-wid-con\" >\t\t<div class=\"ekit-btn-wraper\">\n\t\t\t\t\t\t\t<a href=\"https:\/\/siguriasiar.com\/en\/vrojtim-cctv-platformat-online\/\" class=\"elementskit-btn  whitespace--normal\" id=\"\">\n\t\t\t\t\t<svg class=\"e-font-icon-svg e-fas-chevron-circle-right\" viewbox=\"0 0 512 512\" xmlns=\"http:\/\/www.w3.org\/2000\/svg\"><path d=\"M256 8c137 0 248 111 248 248S393 504 256 504 8 393 8 256 119 8 256 8zm113.9 231L234.4 103.5c-9.4-9.4-24.6-9.4-33.9 0l-17 17c-9.4 9.4-9.4 24.6 0 33.9L285.1 256 183.5 357.6c-9.4 9.4-9.4 24.6 0 33.9l17 17c9.4 9.4 24.6 9.4 33.9 0L369.9 273c9.4-9.4 9.4-24.6 0-34z\"><\/path><\/svg>Read more\t\t\t\t<\/a>\n\t\t\t\t\t<\/div>\n        <\/div>\t\t\t\t<\/div>\n\t\t\t\t<\/div>\n\t\t\t\t<\/div>\n\t\t\t\t\t<\/div>\n\t\t\t\t<\/div>\n\t\t\t\t<\/div>","protected":false},"excerpt":{"rendered":"<p>Sh\u00ebrbime P\u00ebr Biznes Menaxhim i riskut n\u00eb biznes Identifikimi i rreziqeve (Risk Identification), Strategjit\u00eb e zbutjes s\u00eb rrezikut (Risk Mitigation Strategies), Masat parandaluese (Preventive Measures), Menaxhimi i situatave dhe rikuperimi (Response &amp; Recovery), Monitorimi dhe p\u00ebrmir\u00ebsimi i vazhduesh\u00ebm. Lexo m\u00eb shum\u00eb Siguria &amp; sh\u00ebndeti n\u00eb pun\u00eb Kuadri i p\u00ebrgjithsh\u00ebm i siguris\u00eb n\u00eb pun\u00eb, Identifikimi dhe [&hellip;]<\/p>\n","protected":false},"author":1,"featured_media":0,"parent":0,"menu_order":0,"comment_status":"closed","ping_status":"closed","template":"","meta":{"footnotes":""},"class_list":["post-261","page","type-page","status-publish","hentry"],"_hostinger_reach_plugin_has_subscription_block":false,"_hostinger_reach_plugin_is_elementor":false,"_links":{"self":[{"href":"https:\/\/siguriasiar.com\/en\/wp-json\/wp\/v2\/pages\/261","targetHints":{"allow":["GET"]}}],"collection":[{"href":"https:\/\/siguriasiar.com\/en\/wp-json\/wp\/v2\/pages"}],"about":[{"href":"https:\/\/siguriasiar.com\/en\/wp-json\/wp\/v2\/types\/page"}],"author":[{"embeddable":true,"href":"https:\/\/siguriasiar.com\/en\/wp-json\/wp\/v2\/users\/1"}],"replies":[{"embeddable":true,"href":"https:\/\/siguriasiar.com\/en\/wp-json\/wp\/v2\/comments?post=261"}],"version-history":[{"count":25,"href":"https:\/\/siguriasiar.com\/en\/wp-json\/wp\/v2\/pages\/261\/revisions"}],"predecessor-version":[{"id":1369,"href":"https:\/\/siguriasiar.com\/en\/wp-json\/wp\/v2\/pages\/261\/revisions\/1369"}],"wp:attachment":[{"href":"https:\/\/siguriasiar.com\/en\/wp-json\/wp\/v2\/media?parent=261"}],"curies":[{"name":"wp","href":"https:\/\/api.w.org\/{rel}","templated":true}]}}