{"id":422,"date":"2025-11-05T09:46:06","date_gmt":"2025-11-05T09:46:06","guid":{"rendered":"https:\/\/siguriasiar.com\/?page_id=422"},"modified":"2026-01-16T09:33:14","modified_gmt":"2026-01-16T09:33:14","slug":"siguri-fizike-investigime","status":"publish","type":"page","link":"https:\/\/siguriasiar.com\/en\/siguri-fizike-investigime\/","title":{"rendered":"Physical Security &amp; Investigations"},"content":{"rendered":"\t\t<div data-elementor-type=\"wp-page\" data-elementor-id=\"422\" class=\"elementor elementor-422\" data-elementor-post-type=\"page\">\n\t\t\t\t<div class=\"elementor-element elementor-element-8e41b98 e-flex e-con-boxed e-con e-parent\" data-id=\"8e41b98\" data-element_type=\"container\" data-e-type=\"container\" data-settings=\"{&quot;background_background&quot;:&quot;classic&quot;}\">\n\t\t\t\t\t<div class=\"e-con-inner\">\n\t\t\t\t<div class=\"elementor-element elementor-element-1453123 elementor-widget elementor-widget-elementskit-heading\" data-id=\"1453123\" data-element_type=\"widget\" data-e-type=\"widget\" data-widget_type=\"elementskit-heading.default\">\n\t\t\t\t\t<div class=\"ekit-wid-con\" ><div class=\"ekit-heading elementskit-section-title-wraper text_left   ekit_heading_tablet-   ekit_heading_mobile-text_center\"><h2 class=\"ekit-heading--title elementskit-section-title \">Siguri Fizike &amp; Investigime<\/h2><h5 class=\"ekit-heading--subtitle elementskit-section-subtitle  \">\n\t\t\t\t\t\tMbrojtje profesionale 24\/7 p\u00ebr ju, familjar\u00ebt, pron\u00ebn dhe biznesin tuaj.\n\t\t\t\t\t<\/h5><\/div><\/div>\t\t\t\t<\/div>\n\t\t\t\t\t<\/div>\n\t\t\t\t<\/div>\n\t\t<div class=\"elementor-element elementor-element-432cdc8 e-flex e-con-boxed e-con e-parent\" data-id=\"432cdc8\" data-element_type=\"container\" data-e-type=\"container\">\n\t\t\t\t\t<div class=\"e-con-inner\">\n\t\t<div class=\"elementor-element elementor-element-b5ff037 e-con-full e-flex e-con e-child\" data-id=\"b5ff037\" data-element_type=\"container\" data-e-type=\"container\">\n\t\t\t\t<div class=\"elementor-element elementor-element-2a298c2 elementor-widget elementor-widget-heading\" data-id=\"2a298c2\" data-element_type=\"widget\" data-e-type=\"widget\" data-widget_type=\"heading.default\">\n\t\t\t\t\t<h2 class=\"elementor-heading-title elementor-size-default\">Siguria fizike e objekteve dhe personelit<\/h2>\t\t\t\t<\/div>\n\t\t\t\t<div class=\"elementor-element elementor-element-e324450 elementor-widget elementor-widget-text-editor\" data-id=\"e324450\" data-element_type=\"widget\" data-e-type=\"widget\" data-widget_type=\"text-editor.default\">\n\t\t\t\t\t\t\t\t\t<div data-test-render-count=\"1\">\n<div class=\"group\">\n<div class=\"group relative relative pb-3\" data-is-streaming=\"false\">\n<div class=\"font-claude-response relative leading-[1.65rem] [&amp;_pre&gt;div]:bg-bg-000\/50 [&amp;_pre&gt;div]:border-0.5 [&amp;_pre&gt;div]:border-border-400 [&amp;_.ignore-pre-bg&gt;div]:bg-transparent [&amp;_.standard-markdown_:is(p,blockquote,h1,h2,h3,h4,h5,h6)]:pl-2 [&amp;_.standard-markdown_:is(p,blockquote,ul,ol,h1,h2,h3,h4,h5,h6)]:pr-8 [&amp;_.progressive-markdown_:is(p,blockquote,h1,h2,h3,h4,h5,h6)]:pl-2 [&amp;_.progressive-markdown_:is(p,blockquote,ul,ol,h1,h2,h3,h4,h5,h6)]:pr-8\">\n<div>\n<div class=\"standard-markdown grid-cols-1 grid gap-4 [&amp;_&gt;_*]:min-w-0 standard-markdown\">\n<p class=\"font-claude-response-body break-words whitespace-normal leading-[1.7]\">Kryejm\u00eb vler\u00ebsim t\u00eb plot\u00eb t\u00eb rrezikut fizik p\u00ebr \u00e7do lloj objekti, duke p\u00ebrfshir\u00eb linja prodhimi, ambiente administrative, banka, kompani tregtare, depo dhe institucione publike.<\/p>\n<p class=\"font-claude-response-body break-words whitespace-normal leading-[1.7]\">Hartojm\u00eb dhe zbatojm\u00eb plane sigurie fizike t\u00eb personalizuara sipas profilit specifik t\u00eb biznesit tuaj, duke organizuar sisteme t\u00eb sofistikuara p\u00ebr kontrollin e hyrje-daljeve, identifikimin e personelit dhe menaxhimin e vizitor\u00ebve.<\/p>\n<p class=\"font-claude-response-body break-words whitespace-normal leading-[1.7]\">Instalojm\u00eb rrethime inteligjente, ndri\u00e7im mbrojt\u00ebs dhe sinjalizim alarmi p\u00ebr situata emergjente, nd\u00ebrsa <b>stafi yn\u00eb i trajnuar<\/b> kryen patrullim fizik me procedura standarde reagimi ndaj \u00e7do incidenti t\u00eb mundsh\u00ebm.<\/p>\n<\/div>\n<\/div>\n<\/div>\n<\/div>\n<\/div>\n<\/div>\t\t\t\t\t\t\t\t<\/div>\n\t\t\t\t<\/div>\n\t\t<div class=\"elementor-element elementor-element-5dc80f7 e-con-full e-flex e-con e-child\" data-id=\"5dc80f7\" data-element_type=\"container\" data-e-type=\"container\">\n\t\t\t\t<div class=\"elementor-element elementor-element-09d8c4a elementor-widget elementor-widget-image\" data-id=\"09d8c4a\" data-element_type=\"widget\" data-e-type=\"widget\" data-widget_type=\"image.default\">\n\t\t\t\t\t\t\t\t\t\t\t\t\t\t\t<img fetchpriority=\"high\" decoding=\"async\" width=\"903\" height=\"576\" src=\"https:\/\/siguriasiar.com\/wp-content\/uploads\/2026\/01\/siguri-fizike.png\" class=\"attachment-full size-full wp-image-2071\" alt=\"Siguria Siar\" srcset=\"https:\/\/siguriasiar.com\/wp-content\/uploads\/2026\/01\/siguri-fizike.png 903w, https:\/\/siguriasiar.com\/wp-content\/uploads\/2026\/01\/siguri-fizike-300x191.png 300w, https:\/\/siguriasiar.com\/wp-content\/uploads\/2026\/01\/siguri-fizike-768x490.png 768w, https:\/\/siguriasiar.com\/wp-content\/uploads\/2026\/01\/siguri-fizike-18x12.png 18w\" sizes=\"(max-width: 903px) 100vw, 903px\" \/>\t\t\t\t\t\t\t\t\t\t\t\t\t\t\t<\/div>\n\t\t\t\t<\/div>\n\t\t\t\t\t<\/div>\n\t\t\t\t<\/div>\n\t\t<div class=\"elementor-element elementor-element-2420f16 e-flex e-con-boxed e-con e-parent\" data-id=\"2420f16\" data-element_type=\"container\" data-e-type=\"container\">\n\t\t\t\t\t<div class=\"e-con-inner\">\n\t\t<div class=\"elementor-element elementor-element-26afc30 e-con-full e-flex e-con e-child\" data-id=\"26afc30\" data-element_type=\"container\" data-e-type=\"container\">\n\t\t\t\t<div class=\"elementor-element elementor-element-7936bee elementor-widget elementor-widget-heading\" data-id=\"7936bee\" data-element_type=\"widget\" data-e-type=\"widget\" data-widget_type=\"heading.default\">\n\t\t\t\t\t<h2 class=\"elementor-heading-title elementor-size-default\">Analiz\u00eb dhe menaxhim i rrezikut t\u00eb siguris\u00eb<\/h2>\t\t\t\t<\/div>\n\t\t\t\t<div class=\"elementor-element elementor-element-15f0295 elementor-widget elementor-widget-text-editor\" data-id=\"15f0295\" data-element_type=\"widget\" data-e-type=\"widget\" data-widget_type=\"text-editor.default\">\n\t\t\t\t\t\t\t\t\t<div data-test-render-count=\"1\"><div class=\"group\"><div class=\"group relative relative pb-3\" data-is-streaming=\"false\"><div class=\"font-claude-response relative leading-[1.65rem] [&amp;_pre&gt;div]:bg-bg-000\/50 [&amp;_pre&gt;div]:border-0.5 [&amp;_pre&gt;div]:border-border-400 [&amp;_.ignore-pre-bg&gt;div]:bg-transparent [&amp;_.standard-markdown_:is(p,blockquote,h1,h2,h3,h4,h5,h6)]:pl-2 [&amp;_.standard-markdown_:is(p,blockquote,ul,ol,h1,h2,h3,h4,h5,h6)]:pr-8 [&amp;_.progressive-markdown_:is(p,blockquote,h1,h2,h3,h4,h5,h6)]:pl-2 [&amp;_.progressive-markdown_:is(p,blockquote,ul,ol,h1,h2,h3,h4,h5,h6)]:pr-8\"><div><div class=\"standard-markdown grid-cols-1 grid gap-4 [&amp;_&gt;_*]:min-w-0 standard-markdown\"><p class=\"font-claude-response-body break-words whitespace-normal leading-[1.7]\">Hartojm\u00eb raporte t\u00eb detajuara vler\u00ebsimi t\u00eb cenueshm\u00ebris\u00eb (<a href=\"https:\/\/en.wikipedia.org\/wiki\/Vulnerability_assessment\">Vulnerability Assessment<\/a>) p\u00ebr mjediset tuaja fizike, duke analizuar skenar\u00eb t\u00eb mundsh\u00ebm k\u00ebrc\u00ebnimesh si vjedhje, sabotim, nd\u00ebrhyrje t\u00eb paautorizuar, zjarr dhe emergjenca t\u00eb tjera.<\/p><p class=\"font-claude-response-body break-words whitespace-normal leading-[1.7]\">P\u00ebrcaktojm\u00eb masa parandaluese dhe plane reagimi t\u00eb strukturuara p\u00ebr \u00e7do nivel rreziku, duke integruar plot\u00ebsisht masat fizike me sistemet e siguris\u00eb teknologjike.<\/p><p class=\"font-claude-response-body break-words whitespace-normal leading-[1.7]\">Kjo p\u00ebrfshin p\u00ebrdorimin e koordinuar t\u00eb CCTV-s\u00eb, sistemeve t\u00eb kontrollit t\u00eb aksesit, sensor\u00ebve dhe alarmeve p\u00ebr mbik\u00ebqyrje dhe mbrojtje gjith\u00ebp\u00ebrfshir\u00ebse.<\/p><\/div><\/div><\/div><\/div><\/div><\/div>\t\t\t\t\t\t\t\t<\/div>\n\t\t\t\t<\/div>\n\t\t<div class=\"elementor-element elementor-element-3422e56 e-con-full e-flex e-con e-child\" data-id=\"3422e56\" data-element_type=\"container\" data-e-type=\"container\">\n\t\t\t\t<div class=\"elementor-element elementor-element-c5f0d16 elementor-widget elementor-widget-image\" data-id=\"c5f0d16\" data-element_type=\"widget\" data-e-type=\"widget\" data-widget_type=\"image.default\">\n\t\t\t\t\t\t\t\t\t\t\t\t\t\t\t<img decoding=\"async\" width=\"800\" height=\"534\" src=\"https:\/\/siguriasiar.com\/wp-content\/uploads\/2026\/01\/RISK-MANAGEMENT-1024x683.jpg\" class=\"attachment-large size-large wp-image-2066\" alt=\"\" srcset=\"https:\/\/siguriasiar.com\/wp-content\/uploads\/2026\/01\/RISK-MANAGEMENT-1024x683.jpg 1024w, https:\/\/siguriasiar.com\/wp-content\/uploads\/2026\/01\/RISK-MANAGEMENT-300x200.jpg 300w, https:\/\/siguriasiar.com\/wp-content\/uploads\/2026\/01\/RISK-MANAGEMENT-768x512.jpg 768w, https:\/\/siguriasiar.com\/wp-content\/uploads\/2026\/01\/RISK-MANAGEMENT-1536x1024.jpg 1536w, https:\/\/siguriasiar.com\/wp-content\/uploads\/2026\/01\/RISK-MANAGEMENT-18x12.jpg 18w, https:\/\/siguriasiar.com\/wp-content\/uploads\/2026\/01\/RISK-MANAGEMENT-e1768555659416.jpg 1200w\" sizes=\"(max-width: 800px) 100vw, 800px\" \/>\t\t\t\t\t\t\t\t\t\t\t\t\t\t\t<\/div>\n\t\t\t\t<\/div>\n\t\t\t\t\t<\/div>\n\t\t\t\t<\/div>\n\t\t<div class=\"elementor-element elementor-element-591a6ba e-flex e-con-boxed e-con e-parent\" data-id=\"591a6ba\" data-element_type=\"container\" data-e-type=\"container\">\n\t\t\t\t\t<div class=\"e-con-inner\">\n\t\t<div class=\"elementor-element elementor-element-8cb660f e-con-full e-flex e-con e-child\" data-id=\"8cb660f\" data-element_type=\"container\" data-e-type=\"container\">\n\t\t\t\t<div class=\"elementor-element elementor-element-2ae987f elementor-widget elementor-widget-heading\" data-id=\"2ae987f\" data-element_type=\"widget\" data-e-type=\"widget\" data-widget_type=\"heading.default\">\n\t\t\t\t\t<h2 class=\"elementor-heading-title elementor-size-default\">Investigime operative dhe inteligjenc\u00eb Private<\/h2>\t\t\t\t<\/div>\n\t\t\t\t<div class=\"elementor-element elementor-element-9f5a3bd elementor-widget elementor-widget-text-editor\" data-id=\"9f5a3bd\" data-element_type=\"widget\" data-e-type=\"widget\" data-widget_type=\"text-editor.default\">\n\t\t\t\t\t\t\t\t\t<div class=\"progressive-markdown grid-cols-1 grid [&amp;_&gt;_*]:min-w-0 gap-4 progressive-markdown\"><div><div class=\"standard-markdown grid-cols-1 grid gap-4 [&amp;_&gt;_*]:min-w-0\"><p class=\"font-claude-response-body break-words whitespace-normal leading-[1.7]\">Zbulojm\u00eb dhe dokumentojm\u00eb veprimtari mashtruese, abuzime me besimin dhe vjedhje t\u00eb brendshme brenda kompanive, duke kryer hetime t\u00eb thelluara mbi konfliktet e interesit, rrjedhjet e informacionit, falsifikimet dhe d\u00ebmtimet e pron\u00ebsis\u00eb intelektuale.<\/p><p class=\"font-claude-response-body break-words whitespace-normal leading-[1.7]\">Ekipi yn\u00eb kryen vrojtim dhe ndjekje operative n\u00eb terren me metoda plot\u00ebsisht ligjore t\u00eb v\u00ebzhgimit diskret, duke mbledhur dhe analizuar t\u00eb dh\u00ebna nga burime t\u00eb hapura (<a href=\"https:\/\/osintframework.com\/\">OSINT<\/a>) dhe rrjete operative konfidenciale.<\/p><p class=\"font-claude-response-body break-words whitespace-normal leading-[1.7]\">\u00c7do hetim p\u00ebrfundon me raporte t\u00eb strukturuara q\u00eb p\u00ebrfshijn\u00eb prova vizuale dhe p\u00ebrshkrime kronologjike t\u00eb detajuara t\u00eb ngjarjeve, t\u00eb gatshme p\u00ebr p\u00ebrdorim n\u00eb procedura ligjore.<\/p><\/div><\/div><\/div>\t\t\t\t\t\t\t\t<\/div>\n\t\t\t\t<\/div>\n\t\t<div class=\"elementor-element elementor-element-5ad3091 e-con-full e-flex e-con e-child\" data-id=\"5ad3091\" data-element_type=\"container\" data-e-type=\"container\">\n\t\t\t\t<div class=\"elementor-element elementor-element-d258ac0 elementor-widget elementor-widget-image\" data-id=\"d258ac0\" data-element_type=\"widget\" data-e-type=\"widget\" data-widget_type=\"image.default\">\n\t\t\t\t\t\t\t\t\t\t\t\t\t\t\t<img decoding=\"async\" width=\"1200\" height=\"900\" src=\"https:\/\/siguriasiar.com\/wp-content\/uploads\/2026\/01\/investigation_intelligence_image-e1768555377839.jpg\" class=\"attachment-full size-full wp-image-2064\" alt=\"Investigime\" \/>\t\t\t\t\t\t\t\t\t\t\t\t\t\t\t<\/div>\n\t\t\t\t<\/div>\n\t\t\t\t\t<\/div>\n\t\t\t\t<\/div>\n\t\t<div class=\"elementor-element elementor-element-daeea99 e-flex e-con-boxed e-con e-parent\" data-id=\"daeea99\" data-element_type=\"container\" data-e-type=\"container\">\n\t\t\t\t\t<div class=\"e-con-inner\">\n\t\t<div class=\"elementor-element elementor-element-b76676c e-con-full e-flex e-con e-child\" data-id=\"b76676c\" data-element_type=\"container\" data-e-type=\"container\">\n\t\t\t\t<div class=\"elementor-element elementor-element-0298370 elementor-widget elementor-widget-heading\" data-id=\"0298370\" data-element_type=\"widget\" data-e-type=\"widget\" data-widget_type=\"heading.default\">\n\t\t\t\t\t<h2 class=\"elementor-heading-title elementor-size-default\">Bashk\u00ebpunim institucional dhe ligjor<\/h2>\t\t\t\t<\/div>\n\t\t\t\t<div class=\"elementor-element elementor-element-6d3f2cd elementor-widget elementor-widget-text-editor\" data-id=\"6d3f2cd\" data-element_type=\"widget\" data-e-type=\"widget\" data-widget_type=\"text-editor.default\">\n\t\t\t\t\t\t\t\t\t<p class=\"font-claude-response-body break-words whitespace-normal leading-[1.7]\">Veprimtaria jon\u00eb zhvillohet n\u00eb p\u00ebrputhje t\u00eb plot\u00eb me legjislacionin shqiptar dhe n\u00eb bashk\u00ebpunim t\u00eb ngusht\u00eb me institucionet p\u00ebrkat\u00ebse:<\/p><ul class=\"[li_&amp;]:mb-0 [li_&amp;]:mt-1.5 [li_&amp;]:gap-1.5 [&amp;:not(:last-child)_ul]:pb-1 [&amp;:not(:last-child)_ol]:pb-1 list-disc flex flex-col gap-2 pl-8 mb-3\"><li class=\"whitespace-normal break-words pl-2\"><strong>Koordinim me organet e drejt\u00ebsis\u00eb dhe rendit<\/strong>: Bashk\u00ebpunojm\u00eb me Ministrin\u00eb e Brendshme, Sh\u00ebrbimin Informativ, Agjencin\u00eb e Mbik\u00ebqyrjes Policore dhe organet e tjera t\u00eb rendit n\u00eb t\u00eb gjitha rastet q\u00eb k\u00ebrkojn\u00eb nd\u00ebrhyrje ligjore.<\/li><li class=\"whitespace-normal break-words pl-2\"><strong>Asistenc\u00eb ligjore profesionale<\/strong>: Ofrojm\u00eb konsulenc\u00eb t\u00eb specializuar ligjore dhe mb\u00ebshtetje n\u00eb p\u00ebrgatitjen e dokumentacionit t\u00eb nevojsh\u00ebm p\u00ebr kall\u00ebzime penale apo procedura gjyq\u00ebsore.<\/li><li class=\"whitespace-normal break-words pl-2\"><strong>Administrim i provave sipas standardeve<\/strong>: Sigurojm\u00eb ruajtjen dhe dor\u00ebzimin e provave n\u00eb p\u00ebrputhje me standardet e k\u00ebrkuara p\u00ebr p\u00ebrdorim n\u00eb proceset gjyq\u00ebsore.<\/li><li class=\"whitespace-normal break-words pl-2\"><strong>Mbrojtje e t\u00eb dh\u00ebnave personale<\/strong>: Respektojm\u00eb plot\u00ebsisht kuadrin ligjor p\u00ebr veprimtarin\u00eb e hetuesve privat\u00eb dhe garantojm\u00eb mbrojtjen e t\u00eb dh\u00ebnave personale sipas ligjit n\u00eb fuqi.<\/li><\/ul>\t\t\t\t\t\t\t\t<\/div>\n\t\t\t\t<\/div>\n\t\t<div class=\"elementor-element elementor-element-c2e8d55 e-con-full e-flex e-con e-child\" data-id=\"c2e8d55\" data-element_type=\"container\" data-e-type=\"container\">\n\t\t\t\t<div class=\"elementor-element elementor-element-bfc30d9 elementor-widget elementor-widget-image\" data-id=\"bfc30d9\" data-element_type=\"widget\" data-e-type=\"widget\" data-widget_type=\"image.default\">\n\t\t\t\t\t\t\t\t\t\t\t\t\t\t\t<img loading=\"lazy\" decoding=\"async\" width=\"1200\" height=\"900\" src=\"https:\/\/siguriasiar.com\/wp-content\/uploads\/2026\/01\/institutional_cooperation_image-e1768555397585.jpg\" class=\"attachment-full size-full wp-image-2065\" alt=\"ligji\" \/>\t\t\t\t\t\t\t\t\t\t\t\t\t\t\t<\/div>\n\t\t\t\t<\/div>\n\t\t\t\t\t<\/div>\n\t\t\t\t<\/div>\n\t\t<div class=\"elementor-element elementor-element-c171cc1 e-flex e-con-boxed e-con e-parent\" data-id=\"c171cc1\" data-element_type=\"container\" data-e-type=\"container\">\n\t\t\t\t\t<div class=\"e-con-inner\">\n\t\t<div class=\"elementor-element elementor-element-a3caedd e-con-full e-flex e-con e-child\" data-id=\"a3caedd\" data-element_type=\"container\" data-e-type=\"container\">\n\t\t\t\t<div class=\"elementor-element elementor-element-644c26c elementor-widget elementor-widget-heading\" data-id=\"644c26c\" data-element_type=\"widget\" data-e-type=\"widget\" data-widget_type=\"heading.default\">\n\t\t\t\t\t<h2 class=\"elementor-heading-title elementor-size-default\">Sh\u00ebrbime t\u00eb Integruara t\u00eb Siguris\u00eb<\/h2>\t\t\t\t<\/div>\n\t\t\t\t<div class=\"elementor-element elementor-element-7c37834 elementor-widget elementor-widget-text-editor\" data-id=\"7c37834\" data-element_type=\"widget\" data-e-type=\"widget\" data-widget_type=\"text-editor.default\">\n\t\t\t\t\t\t\t\t\t<p class=\"font-claude-response-body break-words whitespace-normal leading-[1.7]\">Ne ofrojm\u00eb nj\u00eb qasje gjith\u00ebp\u00ebrfshir\u00ebse q\u00eb kombinon sigurin\u00eb fizike, mbrojtjen dixhitale dhe inteligjenc\u00ebn operative p\u00ebr t\u00eb krijuar nj\u00eb sistem mbrojtjeje t\u00eb plot\u00eb p\u00ebr biznesin tuaj.\u00a0<\/p><p class=\"font-claude-response-body break-words whitespace-normal leading-[1.7]\">Sh\u00ebrbimet tona p\u00ebrfshijn\u00eb zbatimin e <b>protokolleve t\u00eb emergjenc\u00ebs<\/b> dhe evakuimit, t\u00eb shoq\u00ebruara me trajnime t\u00eb dedikuara p\u00ebr personelin tuaj n\u00eb m\u00ebnyr\u00eb q\u00eb t\u00eb reagojn\u00eb n\u00eb m\u00ebnyr\u00eb t\u00eb duhur n\u00eb raste rreziku.<\/p><p class=\"font-claude-response-body break-words whitespace-normal leading-[1.7]\">P\u00ebr t\u00eb garantuar efektivitetin maksimal, ne kryejm\u00eb auditime periodike q\u00eb verifikojn\u00eb performanc\u00ebn e sistemit tuaj t\u00eb siguris\u00eb dhe identifikojn\u00eb mund\u00ebsit\u00eb p\u00ebr p\u00ebrmir\u00ebsim t\u00eb vazhduesh\u00ebm.\u00a0<\/p><p class=\"font-claude-response-body break-words whitespace-normal leading-[1.7]\">Qasja jon\u00eb proaktive p\u00ebrfshin edhe <b>trajnimin e stafit tuaj<\/b> mbi praktikat parandaluese dhe reagimin e shpejt\u00eb n\u00eb situata kritike, duke garantuar q\u00eb organizata juaj t\u00eb jet\u00eb e p\u00ebrgatitur plot\u00ebsisht p\u00ebr \u00e7do sfid\u00eb sigurie.<\/p>\t\t\t\t\t\t\t\t<\/div>\n\t\t\t\t<\/div>\n\t\t<div class=\"elementor-element elementor-element-c870895 e-con-full e-flex e-con e-child\" data-id=\"c870895\" data-element_type=\"container\" data-e-type=\"container\">\n\t\t\t\t<div class=\"elementor-element elementor-element-1e2f84e elementor-widget elementor-widget-image\" data-id=\"1e2f84e\" data-element_type=\"widget\" data-e-type=\"widget\" data-widget_type=\"image.default\">\n\t\t\t\t\t\t\t\t\t\t\t\t\t\t\t<img loading=\"lazy\" decoding=\"async\" width=\"1200\" height=\"900\" src=\"https:\/\/siguriasiar.com\/wp-content\/uploads\/2026\/01\/security_analysis_image-e1768555342845.jpg\" class=\"attachment-full size-full wp-image-2063\" alt=\"Siguria Siar\" \/>\t\t\t\t\t\t\t\t\t\t\t\t\t\t\t<\/div>\n\t\t\t\t<\/div>\n\t\t\t\t\t<\/div>\n\t\t\t\t<\/div>\n\t\t<div class=\"elementor-element elementor-element-8536ef9 e-flex e-con-boxed e-con e-parent\" data-id=\"8536ef9\" data-element_type=\"container\" data-e-type=\"container\" data-settings=\"{&quot;background_background&quot;:&quot;classic&quot;}\">\n\t\t\t\t\t<div class=\"e-con-inner\">\n\t\t\t\t<div class=\"elementor-element elementor-element-53a194d elementor-widget__width-initial elementor-widget elementor-widget-elementskit-heading\" data-id=\"53a194d\" data-element_type=\"widget\" data-e-type=\"widget\" data-widget_type=\"elementskit-heading.default\">\n\t\t\t\t\t<div class=\"ekit-wid-con\" ><div class=\"ekit-heading elementskit-section-title-wraper center   ekit_heading_tablet-   ekit_heading_mobile-\"><h3 class=\"elementskit-section-subtitle  \">\n\t\t\t\t\t\tSiguria juaj \u00ebsht\u00eb prioriteti yn\u00eb.\n\t\t\t\t\t<\/h3><h2 class=\"ekit-heading--title elementskit-section-title \">Zbuloni si mund t\u2019ju ndihmojm\u00eb t\u00eb mbroni at\u00eb q\u00eb ka m\u00eb shum\u00eb r\u00ebnd\u00ebsi.<\/h2><\/div><\/div>\t\t\t\t<\/div>\n\t\t\t\t<div class=\"elementor-element elementor-element-ef4bda7 elementor-align--mobilecenter elementor-align-center elementor-widget elementor-widget-elementskit-button\" data-id=\"ef4bda7\" data-element_type=\"widget\" data-e-type=\"widget\" data-widget_type=\"elementskit-button.default\">\n\t\t\t\t\t<div class=\"ekit-wid-con\" >\t\t<div class=\"ekit-btn-wraper\">\n\t\t\t\t\t\t\t<a href=\"#\" class=\"elementskit-btn  whitespace--normal\" id=\"\">\n\t\t\t\t\t<svg class=\"e-font-icon-svg e-fas-phone-alt\" viewBox=\"0 0 512 512\" xmlns=\"http:\/\/www.w3.org\/2000\/svg\"><path d=\"M497.39 361.8l-112-48a24 24 0 0 0-28 6.9l-49.6 60.6A370.66 370.66 0 0 1 130.6 204.11l60.6-49.6a23.94 23.94 0 0 0 6.9-28l-48-112A24.16 24.16 0 0 0 122.6.61l-104 24A24 24 0 0 0 0 48c0 256.5 207.9 464 464 464a24 24 0 0 0 23.4-18.6l24-104a24.29 24.29 0 0 0-14.01-27.6z\"><\/path><\/svg>Na kontaktoni\t\t\t\t<\/a>\n\t\t\t\t\t<\/div>\n        <\/div>\t\t\t\t<\/div>\n\t\t\t\t\t<\/div>\n\t\t\t\t<\/div>\n\t\t\t\t<\/div>\n\t\t","protected":false},"excerpt":{"rendered":"<p>Siguri Fizike &amp; Investigime Mbrojtje profesionale 24\/7 p\u00ebr ju, familjar\u00ebt, pron\u00ebn dhe biznesin tuaj. Siguria fizike e objekteve dhe personelit Kryejm\u00eb vler\u00ebsim t\u00eb plot\u00eb t\u00eb rrezikut fizik p\u00ebr \u00e7do lloj objekti, duke p\u00ebrfshir\u00eb linja prodhimi, ambiente administrative, banka, kompani tregtare, depo dhe institucione publike. Hartojm\u00eb dhe zbatojm\u00eb plane sigurie fizike t\u00eb personalizuara sipas profilit specifik [&hellip;]<\/p>\n","protected":false},"author":1,"featured_media":0,"parent":0,"menu_order":0,"comment_status":"closed","ping_status":"closed","template":"","meta":{"footnotes":""},"class_list":["post-422","page","type-page","status-publish","hentry"],"_hostinger_reach_plugin_has_subscription_block":false,"_hostinger_reach_plugin_is_elementor":false,"_links":{"self":[{"href":"https:\/\/siguriasiar.com\/en\/wp-json\/wp\/v2\/pages\/422","targetHints":{"allow":["GET"]}}],"collection":[{"href":"https:\/\/siguriasiar.com\/en\/wp-json\/wp\/v2\/pages"}],"about":[{"href":"https:\/\/siguriasiar.com\/en\/wp-json\/wp\/v2\/types\/page"}],"author":[{"embeddable":true,"href":"https:\/\/siguriasiar.com\/en\/wp-json\/wp\/v2\/users\/1"}],"replies":[{"embeddable":true,"href":"https:\/\/siguriasiar.com\/en\/wp-json\/wp\/v2\/comments?post=422"}],"version-history":[{"count":61,"href":"https:\/\/siguriasiar.com\/en\/wp-json\/wp\/v2\/pages\/422\/revisions"}],"predecessor-version":[{"id":2077,"href":"https:\/\/siguriasiar.com\/en\/wp-json\/wp\/v2\/pages\/422\/revisions\/2077"}],"wp:attachment":[{"href":"https:\/\/siguriasiar.com\/en\/wp-json\/wp\/v2\/media?parent=422"}],"curies":[{"name":"wp","href":"https:\/\/api.w.org\/{rel}","templated":true}]}}