{"id":427,"date":"2025-11-05T09:47:19","date_gmt":"2025-11-05T09:47:19","guid":{"rendered":"https:\/\/siguriasiar.com\/?page_id=427"},"modified":"2026-01-08T18:50:21","modified_gmt":"2026-01-08T18:50:21","slug":"plotesim-i-dokumentacioinit","status":"publish","type":"page","link":"https:\/\/siguriasiar.com\/en\/plotesim-i-dokumentacioinit\/","title":{"rendered":"Documentation completion"},"content":{"rendered":"\t\t<div data-elementor-type=\"wp-page\" data-elementor-id=\"427\" class=\"elementor elementor-427\" data-elementor-post-type=\"page\">\n\t\t\t\t<div class=\"elementor-element elementor-element-2d80ee9 e-flex e-con-boxed e-con e-parent\" data-id=\"2d80ee9\" data-element_type=\"container\" data-e-type=\"container\" data-settings=\"{&quot;background_background&quot;:&quot;classic&quot;}\">\n\t\t\t\t\t<div class=\"e-con-inner\">\n\t\t\t\t<div class=\"elementor-element elementor-element-9fd6264 elementor-widget elementor-widget-elementskit-heading\" data-id=\"9fd6264\" data-element_type=\"widget\" data-e-type=\"widget\" data-widget_type=\"elementskit-heading.default\">\n\t\t\t\t\t<div class=\"ekit-wid-con\" ><div class=\"ekit-heading elementskit-section-title-wraper text_left   ekit_heading_tablet-   ekit_heading_mobile-text_center\"><h2 class=\"ekit-heading--title elementskit-section-title \">Plotesim Dokumentacioni<\/h2><h5 class=\"ekit-heading--subtitle elementskit-section-subtitle  \">\n\t\t\t\t\t\tPlot\u00ebsim i dokumentacionit &amp; provave p\u00ebr n\u00eb gjykat\u00eb, p\u00ebrgatitje e kujdesshme dhe mb\u00ebshtetje profesionale p\u00ebr \u00e7do proces ligjor.\n\t\t\t\t\t<\/h5><\/div><\/div>\t\t\t\t<\/div>\n\t\t\t\t\t<\/div>\n\t\t\t\t<\/div>\n\t\t<div class=\"elementor-element elementor-element-2b868ba e-flex e-con-boxed e-con e-parent\" data-id=\"2b868ba\" data-element_type=\"container\" data-e-type=\"container\">\n\t\t\t\t\t<div class=\"e-con-inner\">\n\t\t<div class=\"elementor-element elementor-element-3de48c2 e-con-full e-flex e-con e-child\" data-id=\"3de48c2\" data-element_type=\"container\" data-e-type=\"container\">\n\t\t\t\t<div class=\"elementor-element elementor-element-7fd952d elementor-widget elementor-widget-heading\" data-id=\"7fd952d\" data-element_type=\"widget\" data-e-type=\"widget\" data-widget_type=\"heading.default\">\n\t\t\t\t\t<h2 class=\"elementor-heading-title elementor-size-default\">Lorem Ipsum<\/h2>\t\t\t\t<\/div>\n\t\t\t\t<div class=\"elementor-element elementor-element-e0b4e94 elementor-widget elementor-widget-text-editor\" data-id=\"e0b4e94\" data-element_type=\"widget\" data-e-type=\"widget\" data-widget_type=\"text-editor.default\">\n\t\t\t\t\t\t\t\t\t<p>Lorem ipsum dolor sit amet, consectetur adipiscing elit, sed do eiusmod tempor incididunt ut labore et dolore magna aliqua. Ut enim ad minim veniam, quis nostrud exercitation ullamco laboris nisi ut aliquip ex ea commodo consequat. Duis aute irure dolor in reprehenderit in voluptate velit esse cillum dolore eu fugiat nulla pariatur. Excepteur sint occaecat cupidatat non proident, sunt in culpa qui officia deserunt mollit anim id est laborum.<\/p>\t\t\t\t\t\t\t\t<\/div>\n\t\t\t\t<\/div>\n\t\t<div class=\"elementor-element elementor-element-794327c e-con-full e-flex e-con e-child\" data-id=\"794327c\" data-element_type=\"container\" data-e-type=\"container\">\n\t\t\t\t<div class=\"elementor-element elementor-element-fe20b8c elementor-widget elementor-widget-image\" data-id=\"fe20b8c\" data-element_type=\"widget\" data-e-type=\"widget\" data-widget_type=\"image.default\">\n\t\t\t\t\t\t\t\t\t\t\t\t\t\t\t<img fetchpriority=\"high\" decoding=\"async\" width=\"1200\" height=\"800\" src=\"https:\/\/siguriasiar.com\/wp-content\/uploads\/2025\/11\/placeholder-130.png\" class=\"attachment-full size-full wp-image-239\" alt=\"\" srcset=\"https:\/\/siguriasiar.com\/wp-content\/uploads\/2025\/11\/placeholder-130.png 1200w, https:\/\/siguriasiar.com\/wp-content\/uploads\/2025\/11\/placeholder-130-300x200.png 300w, https:\/\/siguriasiar.com\/wp-content\/uploads\/2025\/11\/placeholder-130-1024x683.png 1024w, https:\/\/siguriasiar.com\/wp-content\/uploads\/2025\/11\/placeholder-130-768x512.png 768w, https:\/\/siguriasiar.com\/wp-content\/uploads\/2025\/11\/placeholder-130-18x12.png 18w\" sizes=\"(max-width: 1200px) 100vw, 1200px\" \/>\t\t\t\t\t\t\t\t\t\t\t\t\t\t\t<\/div>\n\t\t\t\t<\/div>\n\t\t\t\t\t<\/div>\n\t\t\t\t<\/div>\n\t\t<div class=\"elementor-element elementor-element-7c3d3fd e-flex e-con-boxed e-con e-parent\" data-id=\"7c3d3fd\" data-element_type=\"container\" data-e-type=\"container\">\n\t\t\t\t\t<div class=\"e-con-inner\">\n\t\t<div class=\"elementor-element elementor-element-0a78989 e-con-full e-flex e-con e-child\" data-id=\"0a78989\" data-element_type=\"container\" data-e-type=\"container\">\n\t\t\t\t<div class=\"elementor-element elementor-element-1f1b9ed elementor-widget elementor-widget-heading\" data-id=\"1f1b9ed\" data-element_type=\"widget\" data-e-type=\"widget\" data-widget_type=\"heading.default\">\n\t\t\t\t\t<h2 class=\"elementor-heading-title elementor-size-default\">Lorem Ipsum<\/h2>\t\t\t\t<\/div>\n\t\t\t\t<div class=\"elementor-element elementor-element-c14d3da elementor-widget elementor-widget-text-editor\" data-id=\"c14d3da\" data-element_type=\"widget\" data-e-type=\"widget\" data-widget_type=\"text-editor.default\">\n\t\t\t\t\t\t\t\t\t<div data-test-render-count=\"1\"><div class=\"group\"><div class=\"group relative relative pb-3\" data-is-streaming=\"false\"><div class=\"font-claude-response relative leading-[1.65rem] [&amp;_pre&gt;div]:bg-bg-000\/50 [&amp;_pre&gt;div]:border-0.5 [&amp;_pre&gt;div]:border-border-400 [&amp;_.ignore-pre-bg&gt;div]:bg-transparent [&amp;_.standard-markdown_:is(p,blockquote,h1,h2,h3,h4,h5,h6)]:pl-2 [&amp;_.standard-markdown_:is(p,blockquote,ul,ol,h1,h2,h3,h4,h5,h6)]:pr-8 [&amp;_.progressive-markdown_:is(p,blockquote,h1,h2,h3,h4,h5,h6)]:pl-2 [&amp;_.progressive-markdown_:is(p,blockquote,ul,ol,h1,h2,h3,h4,h5,h6)]:pr-8\"><div class=\"standard-markdown grid-cols-1 grid gap-4 [&amp;_&gt;_*]:min-w-0 standard-markdown\"><p class=\"font-claude-response-body break-words whitespace-normal leading-[1.7]\">Lorem ipsum dolor sit amet, consectetur adipiscing elit, sed do eiusmod tempor incididunt ut labore et dolore magna aliqua. Ut enim ad minim veniam, quis nostrud exercitation ullamco laboris nisi ut aliquip ex ea commodo consequat. Duis aute irure dolor in reprehenderit in voluptate velit esse cillum dolore eu fugiat nulla pariatur. Excepteur sint occaecat cupidatat non proident, sunt in culpa qui officia deserunt mollit anim id est laborum.<\/p><\/div><\/div><\/div><\/div><\/div>\t\t\t\t\t\t\t\t<\/div>\n\t\t\t\t<\/div>\n\t\t<div class=\"elementor-element elementor-element-fd7a804 e-con-full e-flex e-con e-child\" data-id=\"fd7a804\" data-element_type=\"container\" data-e-type=\"container\">\n\t\t\t\t<div class=\"elementor-element elementor-element-5a27370 elementor-widget elementor-widget-image\" data-id=\"5a27370\" data-element_type=\"widget\" data-e-type=\"widget\" data-widget_type=\"image.default\">\n\t\t\t\t\t\t\t\t\t\t\t\t\t\t\t<img decoding=\"async\" width=\"800\" height=\"534\" src=\"https:\/\/siguriasiar.com\/wp-content\/uploads\/2025\/11\/placeholder-131-1024x683.png\" class=\"attachment-large size-large wp-image-240\" alt=\"\" srcset=\"https:\/\/siguriasiar.com\/wp-content\/uploads\/2025\/11\/placeholder-131-1024x683.png 1024w, https:\/\/siguriasiar.com\/wp-content\/uploads\/2025\/11\/placeholder-131-300x200.png 300w, https:\/\/siguriasiar.com\/wp-content\/uploads\/2025\/11\/placeholder-131-768x512.png 768w, https:\/\/siguriasiar.com\/wp-content\/uploads\/2025\/11\/placeholder-131-18x12.png 18w, https:\/\/siguriasiar.com\/wp-content\/uploads\/2025\/11\/placeholder-131.png 1200w\" sizes=\"(max-width: 800px) 100vw, 800px\" \/>\t\t\t\t\t\t\t\t\t\t\t\t\t\t\t<\/div>\n\t\t\t\t<\/div>\n\t\t\t\t\t<\/div>\n\t\t\t\t<\/div>\n\t\t<div class=\"elementor-element elementor-element-59ed19e e-flex e-con-boxed e-con e-parent\" data-id=\"59ed19e\" data-element_type=\"container\" data-e-type=\"container\" data-settings=\"{&quot;background_background&quot;:&quot;classic&quot;}\">\n\t\t\t\t\t<div class=\"e-con-inner\">\n\t\t\t\t<div class=\"elementor-element elementor-element-fcd392d elementor-widget__width-initial elementor-widget elementor-widget-elementskit-heading\" data-id=\"fcd392d\" data-element_type=\"widget\" data-e-type=\"widget\" data-widget_type=\"elementskit-heading.default\">\n\t\t\t\t\t<div class=\"ekit-wid-con\" ><div class=\"ekit-heading elementskit-section-title-wraper center   ekit_heading_tablet-   ekit_heading_mobile-\"><h3 class=\"elementskit-section-subtitle  \">\n\t\t\t\t\t\tSiguria juaj \u00ebsht\u00eb prioriteti yn\u00eb.\n\t\t\t\t\t<\/h3><h2 class=\"ekit-heading--title elementskit-section-title \">Zbuloni si mund t\u2019ju ndihmojm\u00eb t\u00eb mbroni at\u00eb q\u00eb ka m\u00eb shum\u00eb r\u00ebnd\u00ebsi.<\/h2><\/div><\/div>\t\t\t\t<\/div>\n\t\t\t\t<div class=\"elementor-element elementor-element-1e10c57 elementor-align--mobilecenter elementor-align-center elementor-widget elementor-widget-elementskit-button\" data-id=\"1e10c57\" data-element_type=\"widget\" data-e-type=\"widget\" data-widget_type=\"elementskit-button.default\">\n\t\t\t\t\t<div class=\"ekit-wid-con\" >\t\t<div class=\"ekit-btn-wraper\">\n\t\t\t\t\t\t\t<a href=\"#\" class=\"elementskit-btn  whitespace--normal\" id=\"\">\n\t\t\t\t\t<svg class=\"e-font-icon-svg e-fas-phone-alt\" viewBox=\"0 0 512 512\" xmlns=\"http:\/\/www.w3.org\/2000\/svg\"><path d=\"M497.39 361.8l-112-48a24 24 0 0 0-28 6.9l-49.6 60.6A370.66 370.66 0 0 1 130.6 204.11l60.6-49.6a23.94 23.94 0 0 0 6.9-28l-48-112A24.16 24.16 0 0 0 122.6.61l-104 24A24 24 0 0 0 0 48c0 256.5 207.9 464 464 464a24 24 0 0 0 23.4-18.6l24-104a24.29 24.29 0 0 0-14.01-27.6z\"><\/path><\/svg>Na kontaktoni tani\t\t\t\t<\/a>\n\t\t\t\t\t<\/div>\n        <\/div>\t\t\t\t<\/div>\n\t\t\t\t\t<\/div>\n\t\t\t\t<\/div>\n\t\t\t\t<\/div>\n\t\t","protected":false},"excerpt":{"rendered":"<p>Plotesim Dokumentacioni Plot\u00ebsim i dokumentacionit &amp; provave p\u00ebr n\u00eb gjykat\u00eb, p\u00ebrgatitje e kujdesshme dhe mb\u00ebshtetje profesionale p\u00ebr \u00e7do proces ligjor. Lorem Ipsum Lorem ipsum dolor sit amet, consectetur adipiscing elit, sed do eiusmod tempor incididunt ut labore et dolore magna aliqua. Ut enim ad minim veniam, quis nostrud exercitation ullamco laboris nisi ut aliquip ex [&hellip;]<\/p>\n","protected":false},"author":1,"featured_media":0,"parent":0,"menu_order":0,"comment_status":"closed","ping_status":"closed","template":"","meta":{"footnotes":""},"class_list":["post-427","page","type-page","status-publish","hentry"],"_hostinger_reach_plugin_has_subscription_block":false,"_hostinger_reach_plugin_is_elementor":false,"_links":{"self":[{"href":"https:\/\/siguriasiar.com\/en\/wp-json\/wp\/v2\/pages\/427","targetHints":{"allow":["GET"]}}],"collection":[{"href":"https:\/\/siguriasiar.com\/en\/wp-json\/wp\/v2\/pages"}],"about":[{"href":"https:\/\/siguriasiar.com\/en\/wp-json\/wp\/v2\/types\/page"}],"author":[{"embeddable":true,"href":"https:\/\/siguriasiar.com\/en\/wp-json\/wp\/v2\/users\/1"}],"replies":[{"embeddable":true,"href":"https:\/\/siguriasiar.com\/en\/wp-json\/wp\/v2\/comments?post=427"}],"version-history":[{"count":21,"href":"https:\/\/siguriasiar.com\/en\/wp-json\/wp\/v2\/pages\/427\/revisions"}],"predecessor-version":[{"id":2039,"href":"https:\/\/siguriasiar.com\/en\/wp-json\/wp\/v2\/pages\/427\/revisions\/2039"}],"wp:attachment":[{"href":"https:\/\/siguriasiar.com\/en\/wp-json\/wp\/v2\/media?parent=427"}],"curies":[{"name":"wp","href":"https:\/\/api.w.org\/{rel}","templated":true}]}}