{"id":488,"date":"2025-11-05T20:30:13","date_gmt":"2025-11-05T20:30:13","guid":{"rendered":"https:\/\/siguriasiar.com\/?page_id=488"},"modified":"2025-11-18T20:55:15","modified_gmt":"2025-11-18T20:55:15","slug":"menaxhim-i-riskut-ne-biznes","status":"publish","type":"page","link":"https:\/\/siguriasiar.com\/en\/menaxhim-i-riskut-ne-biznes\/","title":{"rendered":"Business risk management"},"content":{"rendered":"<div data-elementor-type=\"wp-page\" data-elementor-id=\"488\" class=\"elementor elementor-488\" data-elementor-post-type=\"page\">\n\t\t\t\t<div class=\"elementor-element elementor-element-2e7b7b7 e-flex e-con-boxed e-con e-parent\" data-id=\"2e7b7b7\" data-element_type=\"container\" data-e-type=\"container\" data-settings=\"{&quot;background_background&quot;:&quot;classic&quot;}\">\n\t\t\t\t\t<div class=\"e-con-inner\">\n\t\t\t\t<div class=\"elementor-element elementor-element-7343ff7 elementor-widget elementor-widget-elementskit-heading\" data-id=\"7343ff7\" data-element_type=\"widget\" data-e-type=\"widget\" data-widget_type=\"elementskit-heading.default\">\n\t\t\t\t\t<div class=\"ekit-wid-con\" ><div class=\"ekit-heading elementskit-section-title-wraper text_left   ekit_heading_tablet-   ekit_heading_mobile-text_center\"><h2 class=\"ekit-heading--title elementskit-section-title\">Business risk management<\/h2><h5 class=\"ekit-heading--subtitle elementskit-section-subtitle\">\n\t\t\t\t\t\tIdentify, assess and minimize risks to protect the sustainability of your company.\n\t\t\t\t\t<\/h5><\/div><\/div>\t\t\t\t<\/div>\n\t\t\t\t\t<\/div>\n\t\t\t\t<\/div>\n\t\t<div class=\"elementor-element elementor-element-05dcf6e e-flex e-con-boxed e-con e-parent\" data-id=\"05dcf6e\" data-element_type=\"container\" data-e-type=\"container\">\n\t\t\t\t\t<div class=\"e-con-inner\">\n\t\t<div class=\"elementor-element elementor-element-a0bae37 e-con-full e-flex e-con e-child\" data-id=\"a0bae37\" data-element_type=\"container\" data-e-type=\"container\">\n\t\t\t\t<div class=\"elementor-element elementor-element-32a3160 elementor-widget elementor-widget-heading\" data-id=\"32a3160\" data-element_type=\"widget\" data-e-type=\"widget\" data-widget_type=\"heading.default\">\n\t\t\t\t\t<h2 class=\"elementor-heading-title elementor-size-default\">Risk Identification<\/h2>\t\t\t\t<\/div>\n\t\t\t\t<div class=\"elementor-element elementor-element-0b8cbb1 elementor-widget elementor-widget-text-editor\" data-id=\"0b8cbb1\" data-element_type=\"widget\" data-e-type=\"widget\" data-widget_type=\"text-editor.default\">\n\t\t\t\t\t\t\t\t\t<ul><li><span style=\"font-weight: 400;\"> Complete analysis of factors that may affect the physical, financial or digital security of the business.<\/span><\/li><li><span style=\"font-weight: 400;\"> Identification of weaknesses in operational systems, the logistics chain and technological infrastructure.<\/span><\/li><li><span style=\"font-weight: 400;\"> Assessment of internal (human error, abuse, sabotage) and external (attacks, fraud, accidents) threats.<\/span><\/li><li><span style=\"font-weight: 400;\"> Drafting a risk map for each sector of the company.<\/span><\/li><\/ul>\t\t\t\t\t\t\t\t<\/div>\n\t\t\t\t<\/div>\n\t\t<div class=\"elementor-element elementor-element-b83dc05 e-con-full e-flex e-con e-child\" data-id=\"b83dc05\" data-element_type=\"container\" data-e-type=\"container\">\n\t\t\t\t<div class=\"elementor-element elementor-element-da6464c elementor-widget elementor-widget-image\" data-id=\"da6464c\" data-element_type=\"widget\" data-e-type=\"widget\" data-widget_type=\"image.default\">\n\t\t\t\t\t\t\t\t\t\t\t\t\t\t\t<img decoding=\"async\" src=\"https:\/\/siguriasiar.com\/wp-content\/plugins\/elementor\/assets\/images\/placeholder.png\" title=\"\" alt=\"\" loading=\"lazy\" \/>\t\t\t\t\t\t\t\t\t\t\t\t\t\t\t<\/div>\n\t\t\t\t<\/div>\n\t\t\t\t\t<\/div>\n\t\t\t\t<\/div>\n\t\t<div class=\"elementor-element elementor-element-ee4fdae e-flex e-con-boxed e-con e-parent\" data-id=\"ee4fdae\" data-element_type=\"container\" data-e-type=\"container\">\n\t\t\t\t\t<div class=\"e-con-inner\">\n\t\t<div class=\"elementor-element elementor-element-abdc6eb e-con-full e-flex e-con e-child\" data-id=\"abdc6eb\" data-element_type=\"container\" data-e-type=\"container\">\n\t\t\t\t<div class=\"elementor-element elementor-element-31a5e15 elementor-widget elementor-widget-heading\" data-id=\"31a5e15\" data-element_type=\"widget\" data-e-type=\"widget\" data-widget_type=\"heading.default\">\n\t\t\t\t\t<h2 class=\"elementor-heading-title elementor-size-default\">Risk Mitigation Strategies<\/h2>\t\t\t\t<\/div>\n\t\t\t\t<div class=\"elementor-element elementor-element-9aaf428 elementor-widget elementor-widget-text-editor\" data-id=\"9aaf428\" data-element_type=\"widget\" data-e-type=\"widget\" data-widget_type=\"text-editor.default\">\n\t\t\t\t\t\t\t\t\t<ul><li><span style=\"font-weight: 400;\"> Risk elimination: avoiding the activity that creates the risk (e.g. stopping cooperation with unsafe suppliers).<\/span><\/li><li><span style=\"font-weight: 400;\"> Risk reduction: implementation of protective measures (security systems, financial controls, firewall).<\/span><\/li><li><span style=\"font-weight: 400;\"> Risk transfer: contractual insurance or cooperation with third parties for consequence management.<\/span><\/li><li><span style=\"font-weight: 400;\"> Risk management: drafting emergency plans and training staff for real-time response.<\/span><\/li><\/ul>\t\t\t\t\t\t\t\t<\/div>\n\t\t\t\t<\/div>\n\t\t<div class=\"elementor-element elementor-element-81f2198 e-con-full e-flex e-con e-child\" data-id=\"81f2198\" data-element_type=\"container\" data-e-type=\"container\">\n\t\t\t\t<div class=\"elementor-element elementor-element-d571bff elementor-widget elementor-widget-image\" data-id=\"d571bff\" data-element_type=\"widget\" data-e-type=\"widget\" data-widget_type=\"image.default\">\n\t\t\t\t\t\t\t\t\t\t\t\t\t\t\t<img decoding=\"async\" src=\"https:\/\/siguriasiar.com\/wp-content\/plugins\/elementor\/assets\/images\/placeholder.png\" title=\"\" alt=\"\" loading=\"lazy\" \/>\t\t\t\t\t\t\t\t\t\t\t\t\t\t\t<\/div>\n\t\t\t\t<\/div>\n\t\t\t\t\t<\/div>\n\t\t\t\t<\/div>\n\t\t<div class=\"elementor-element elementor-element-851619a e-flex e-con-boxed e-con e-parent\" data-id=\"851619a\" data-element_type=\"container\" data-e-type=\"container\">\n\t\t\t\t\t<div class=\"e-con-inner\">\n\t\t<div class=\"elementor-element elementor-element-189a719 e-con-full e-flex e-con e-child\" data-id=\"189a719\" data-element_type=\"container\" data-e-type=\"container\">\n\t\t\t\t<div class=\"elementor-element elementor-element-1b9b1ed elementor-widget elementor-widget-heading\" data-id=\"1b9b1ed\" data-element_type=\"widget\" data-e-type=\"widget\" data-widget_type=\"heading.default\">\n\t\t\t\t\t<h2 class=\"elementor-heading-title elementor-size-default\">Preventive Measures<\/h2>\t\t\t\t<\/div>\n\t\t\t\t<div class=\"elementor-element elementor-element-4d74b9c elementor-widget elementor-widget-text-editor\" data-id=\"4d74b9c\" data-element_type=\"widget\" data-e-type=\"widget\" data-widget_type=\"text-editor.default\">\n\t\t\t\t\t\t\t\t\t<ul><li><span style=\"font-weight: 400;\"> Establishing security protocols for physical and digital access.<\/span><\/li><li><span style=\"font-weight: 400;\"> Periodic audits and surprise testing to assess the effectiveness of existing measures.<\/span><\/li><li><span style=\"font-weight: 400;\"> Creation of early warning systems.<\/span><\/li><li><span style=\"font-weight: 400;\"> Classification and protection of data according to sensitivity level.<\/span><\/li><li><span style=\"font-weight: 400;\"> Implementation of &quot;zero tolerance&quot; policies towards internal violations.<\/span><\/li><\/ul>\t\t\t\t\t\t\t\t<\/div>\n\t\t\t\t<\/div>\n\t\t<div class=\"elementor-element elementor-element-8103fe3 e-con-full e-flex e-con e-child\" data-id=\"8103fe3\" data-element_type=\"container\" data-e-type=\"container\">\n\t\t\t\t<div class=\"elementor-element elementor-element-78a0b9c elementor-widget elementor-widget-image\" data-id=\"78a0b9c\" data-element_type=\"widget\" data-e-type=\"widget\" data-widget_type=\"image.default\">\n\t\t\t\t\t\t\t\t\t\t\t\t\t\t\t<img decoding=\"async\" src=\"https:\/\/siguriasiar.com\/wp-content\/plugins\/elementor\/assets\/images\/placeholder.png\" title=\"\" alt=\"\" loading=\"lazy\" \/>\t\t\t\t\t\t\t\t\t\t\t\t\t\t\t<\/div>\n\t\t\t\t<\/div>\n\t\t\t\t\t<\/div>\n\t\t\t\t<\/div>\n\t\t<div class=\"elementor-element elementor-element-9dafa71 e-flex e-con-boxed e-con e-parent\" data-id=\"9dafa71\" data-element_type=\"container\" data-e-type=\"container\">\n\t\t\t\t\t<div class=\"e-con-inner\">\n\t\t<div class=\"elementor-element elementor-element-572819e e-con-full e-flex e-con e-child\" data-id=\"572819e\" data-element_type=\"container\" data-e-type=\"container\">\n\t\t\t\t<div class=\"elementor-element elementor-element-ae95492 elementor-widget elementor-widget-heading\" data-id=\"ae95492\" data-element_type=\"widget\" data-e-type=\"widget\" data-widget_type=\"heading.default\">\n\t\t\t\t\t<h2 class=\"elementor-heading-title elementor-size-default\">Situation management and recovery (Response &amp; Recovery)<\/h2>\t\t\t\t<\/div>\n\t\t\t\t<div class=\"elementor-element elementor-element-f29577f elementor-widget elementor-widget-text-editor\" data-id=\"f29577f\" data-element_type=\"widget\" data-e-type=\"widget\" data-widget_type=\"text-editor.default\">\n\t\t\t\t\t\t\t\t\t<ul><li><span style=\"font-weight: 400;\"> Drafting an emergency response plan (Incident Response Plan).<\/span><\/li><li><span style=\"font-weight: 400;\"> Activation of the chain of command and immediate notification of the structures involved.<\/span><\/li><li><span style=\"font-weight: 400;\"> Documentation and analysis after each incident to improve the response system.<\/span><\/li><li><span style=\"font-weight: 400;\"> Implementing a business recovery plan (Business Continuity Plan) to return operations to normal.<\/span><\/li><\/ul>\t\t\t\t\t\t\t\t<\/div>\n\t\t\t\t<\/div>\n\t\t<div class=\"elementor-element elementor-element-590f2b2 e-con-full e-flex e-con e-child\" data-id=\"590f2b2\" data-element_type=\"container\" data-e-type=\"container\">\n\t\t\t\t<div class=\"elementor-element elementor-element-37e0587 elementor-widget elementor-widget-image\" data-id=\"37e0587\" data-element_type=\"widget\" data-e-type=\"widget\" data-widget_type=\"image.default\">\n\t\t\t\t\t\t\t\t\t\t\t\t\t\t\t<img decoding=\"async\" src=\"https:\/\/siguriasiar.com\/wp-content\/plugins\/elementor\/assets\/images\/placeholder.png\" title=\"\" alt=\"\" loading=\"lazy\" \/>\t\t\t\t\t\t\t\t\t\t\t\t\t\t\t<\/div>\n\t\t\t\t<\/div>\n\t\t\t\t\t<\/div>\n\t\t\t\t<\/div>\n\t\t<div class=\"elementor-element elementor-element-0284fd6 e-flex e-con-boxed e-con e-parent\" data-id=\"0284fd6\" data-element_type=\"container\" data-e-type=\"container\">\n\t\t\t\t\t<div class=\"e-con-inner\">\n\t\t<div class=\"elementor-element elementor-element-02f6573 e-con-full e-flex e-con e-child\" data-id=\"02f6573\" data-element_type=\"container\" data-e-type=\"container\">\n\t\t\t\t<div class=\"elementor-element elementor-element-145644d elementor-widget elementor-widget-heading\" data-id=\"145644d\" data-element_type=\"widget\" data-e-type=\"widget\" data-widget_type=\"heading.default\">\n\t\t\t\t\t<h2 class=\"elementor-heading-title elementor-size-default\">Continuous monitoring and improvement<\/h2>\t\t\t\t<\/div>\n\t\t\t\t<div class=\"elementor-element elementor-element-e6ebdc6 elementor-widget elementor-widget-text-editor\" data-id=\"e6ebdc6\" data-element_type=\"widget\" data-e-type=\"widget\" data-widget_type=\"text-editor.default\">\n\t\t\t\t\t\t\t\t\t<ul><li><span style=\"font-weight: 400;\"> Tracking security performance indicators (security KPIs).<\/span><\/li><li><span style=\"font-weight: 400;\"> Update mitigation plans after any changes in the operational or legal environment.<\/span><\/li><li><span style=\"font-weight: 400;\"> Periodic training for staff in risk management and communication during crises.<\/span><\/li><li><span style=\"font-weight: 400;\"> Strategic review every 6 months to maintain the effectiveness of business protection<\/span><\/li><\/ul>\t\t\t\t\t\t\t\t<\/div>\n\t\t\t\t<\/div>\n\t\t<div class=\"elementor-element elementor-element-0651920 e-con-full e-flex e-con e-child\" data-id=\"0651920\" data-element_type=\"container\" data-e-type=\"container\">\n\t\t\t\t<div class=\"elementor-element elementor-element-0fda1a1 elementor-widget elementor-widget-image\" data-id=\"0fda1a1\" data-element_type=\"widget\" data-e-type=\"widget\" data-widget_type=\"image.default\">\n\t\t\t\t\t\t\t\t\t\t\t\t\t\t\t<img decoding=\"async\" src=\"https:\/\/siguriasiar.com\/wp-content\/plugins\/elementor\/assets\/images\/placeholder.png\" title=\"\" alt=\"\" loading=\"lazy\" \/>\t\t\t\t\t\t\t\t\t\t\t\t\t\t\t<\/div>\n\t\t\t\t<\/div>\n\t\t\t\t\t<\/div>\n\t\t\t\t<\/div>\n\t\t<div class=\"elementor-element elementor-element-7dc21a4 e-flex e-con-boxed e-con e-parent\" data-id=\"7dc21a4\" data-element_type=\"container\" data-e-type=\"container\" data-settings=\"{&quot;background_background&quot;:&quot;classic&quot;}\">\n\t\t\t\t\t<div class=\"e-con-inner\">\n\t\t\t\t<div class=\"elementor-element elementor-element-d1eda79 elementor-widget__width-initial elementor-widget elementor-widget-elementskit-heading\" data-id=\"d1eda79\" data-element_type=\"widget\" data-e-type=\"widget\" data-widget_type=\"elementskit-heading.default\">\n\t\t\t\t\t<div class=\"ekit-wid-con\" ><div class=\"ekit-heading elementskit-section-title-wraper center   ekit_heading_tablet-   ekit_heading_mobile-\"><h3 class=\"elementskit-section-subtitle\">\n\t\t\t\t\t\tYour safety is our priority.\n\t\t\t\t\t<\/h3><h2 class=\"ekit-heading--title elementskit-section-title\">Find out how we can help you protect what matters most.<\/h2><\/div><\/div>\t\t\t\t<\/div>\n\t\t\t\t<div class=\"elementor-element elementor-element-b89a842 elementor-align--mobilecenter elementor-align-center elementor-widget elementor-widget-elementskit-button\" data-id=\"b89a842\" data-element_type=\"widget\" data-e-type=\"widget\" data-widget_type=\"elementskit-button.default\">\n\t\t\t\t\t<div class=\"ekit-wid-con\" >\t\t<div class=\"ekit-btn-wraper\">\n\t\t\t\t\t\t\t<a href=\"#\" class=\"elementskit-btn  whitespace--normal\" id=\"\">\n\t\t\t\t\t<svg class=\"e-font-icon-svg e-fas-phone-alt\" viewbox=\"0 0 512 512\" xmlns=\"http:\/\/www.w3.org\/2000\/svg\"><path d=\"M497.39 361.8l-112-48a24 24 0 0 0-28 6.9l-49.6 60.6A370.66 370.66 0 0 1 130.6 204.11l60.6-49.6a23.94 23.94 0 0 0 6.9-28l-48-112A24.16 24.16 0 0 0 122.6.61l-104 24A24 24 0 0 0 0 48c0 256.5 207.9 464 464 464a24 24 0 0 0 23.4-18.6l24-104a24.29 24.29 0 0 0-14.01-27.6z\"><\/path><\/svg>Contact now\t\t\t\t<\/a>\n\t\t\t\t\t<\/div>\n        <\/div>\t\t\t\t<\/div>\n\t\t\t\t\t<\/div>\n\t\t\t\t<\/div>\n\t\t\t\t<\/div>","protected":false},"excerpt":{"rendered":"<p>Menaxhim i riskut n\u00eb biznes Identifikim, vler\u00ebsim dhe minimizim i rreziqeve p\u00ebr t\u00eb mbrojtur q\u00ebndrueshm\u00ebrin\u00eb e kompanis\u00eb suaj. Identifikimi i rreziqeve (Risk Identification) Analiz\u00eb e plot\u00eb e faktor\u00ebve q\u00eb mund t\u00eb ndikojn\u00eb n\u00eb sigurin\u00eb fizike, financiare ose dixhitale t\u00eb biznesit. P\u00ebrcaktim i pikave t\u00eb dob\u00ebta n\u00eb sistemet operative, zinxhirin logjistik dhe infrastruktur\u00ebn teknologjike. Vler\u00ebsim i [&hellip;]<\/p>\n","protected":false},"author":1,"featured_media":0,"parent":0,"menu_order":0,"comment_status":"closed","ping_status":"closed","template":"","meta":{"footnotes":""},"class_list":["post-488","page","type-page","status-publish","hentry"],"_hostinger_reach_plugin_has_subscription_block":false,"_hostinger_reach_plugin_is_elementor":false,"_links":{"self":[{"href":"https:\/\/siguriasiar.com\/en\/wp-json\/wp\/v2\/pages\/488","targetHints":{"allow":["GET"]}}],"collection":[{"href":"https:\/\/siguriasiar.com\/en\/wp-json\/wp\/v2\/pages"}],"about":[{"href":"https:\/\/siguriasiar.com\/en\/wp-json\/wp\/v2\/types\/page"}],"author":[{"embeddable":true,"href":"https:\/\/siguriasiar.com\/en\/wp-json\/wp\/v2\/users\/1"}],"replies":[{"embeddable":true,"href":"https:\/\/siguriasiar.com\/en\/wp-json\/wp\/v2\/comments?post=488"}],"version-history":[{"count":31,"href":"https:\/\/siguriasiar.com\/en\/wp-json\/wp\/v2\/pages\/488\/revisions"}],"predecessor-version":[{"id":1648,"href":"https:\/\/siguriasiar.com\/en\/wp-json\/wp\/v2\/pages\/488\/revisions\/1648"}],"wp:attachment":[{"href":"https:\/\/siguriasiar.com\/en\/wp-json\/wp\/v2\/media?parent=488"}],"curies":[{"name":"wp","href":"https:\/\/api.w.org\/{rel}","templated":true}]}}