{"id":490,"date":"2025-11-05T20:30:31","date_gmt":"2025-11-05T20:30:31","guid":{"rendered":"https:\/\/siguriasiar.com\/?page_id=490"},"modified":"2025-11-18T21:43:34","modified_gmt":"2025-11-18T21:43:34","slug":"siguria-shendeti-ne-pune","status":"publish","type":"page","link":"https:\/\/siguriasiar.com\/en\/siguria-shendeti-ne-pune\/","title":{"rendered":"Occupational safety &amp; health"},"content":{"rendered":"<div data-elementor-type=\"wp-page\" data-elementor-id=\"490\" class=\"elementor elementor-490\" data-elementor-post-type=\"page\">\n\t\t\t\t<div class=\"elementor-element elementor-element-0c9b3b1 e-flex e-con-boxed e-con e-parent\" data-id=\"0c9b3b1\" data-element_type=\"container\" data-e-type=\"container\" data-settings=\"{&quot;background_background&quot;:&quot;classic&quot;}\">\n\t\t\t\t\t<div class=\"e-con-inner\">\n\t\t\t\t<div class=\"elementor-element elementor-element-5a5afbe elementor-widget elementor-widget-elementskit-heading\" data-id=\"5a5afbe\" data-element_type=\"widget\" data-e-type=\"widget\" data-widget_type=\"elementskit-heading.default\">\n\t\t\t\t\t<div class=\"ekit-wid-con\" ><div class=\"ekit-heading elementskit-section-title-wraper text_left   ekit_heading_tablet-   ekit_heading_mobile-text_center\"><h2 class=\"ekit-heading--title elementskit-section-title\">Occupational Safety &amp; Health<\/h2><h5 class=\"ekit-heading--subtitle elementskit-section-subtitle\">\n\t\t\t\t\t\tWe create safe and compliant work environments for the well-being of your employees.\n\t\t\t\t\t<\/h5><\/div><\/div>\t\t\t\t<\/div>\n\t\t\t\t\t<\/div>\n\t\t\t\t<\/div>\n\t\t<div class=\"elementor-element elementor-element-bc3aeea e-flex e-con-boxed e-con e-parent\" data-id=\"bc3aeea\" data-element_type=\"container\" data-e-type=\"container\">\n\t\t\t\t\t<div class=\"e-con-inner\">\n\t\t<div class=\"elementor-element elementor-element-36eaffa e-con-full e-flex e-con e-child\" data-id=\"36eaffa\" data-element_type=\"container\" data-e-type=\"container\">\n\t\t\t\t<div class=\"elementor-element elementor-element-e7dd9a1 elementor-widget elementor-widget-heading\" data-id=\"e7dd9a1\" data-element_type=\"widget\" data-e-type=\"widget\" data-widget_type=\"heading.default\">\n\t\t\t\t\t<h2 class=\"elementor-heading-title elementor-size-default\">General framework of occupational safety<\/h2>\t\t\t\t<\/div>\n\t\t\t\t<div class=\"elementor-element elementor-element-a37d9fe elementor-widget elementor-widget-text-editor\" data-id=\"a37d9fe\" data-element_type=\"widget\" data-e-type=\"widget\" data-widget_type=\"text-editor.default\">\n\t\t\t\t\t\t\t\t\t<ul><li><span style=\"font-weight: 400;\"> Implementation of Law No. 10237, dated 18.02.2010 \u201cOn safety and health at work\u201d and relevant by-laws.<\/span><\/li><li><span style=\"font-weight: 400;\"> Creating a safety culture where every employee is aware of their risks and obligations.<\/span><\/li><li><span style=\"font-weight: 400;\"> Incorporating occupational safety into the overall business management strategy.<\/span><\/li><\/ul>\t\t\t\t\t\t\t\t<\/div>\n\t\t\t\t<\/div>\n\t\t<div class=\"elementor-element elementor-element-ded260c e-con-full e-flex e-con e-child\" data-id=\"ded260c\" data-element_type=\"container\" data-e-type=\"container\">\n\t\t\t\t<div class=\"elementor-element elementor-element-8650790 elementor-widget elementor-widget-image\" data-id=\"8650790\" data-element_type=\"widget\" data-e-type=\"widget\" data-widget_type=\"image.default\">\n\t\t\t\t\t\t\t\t\t\t\t\t\t\t\t<img decoding=\"async\" src=\"https:\/\/siguriasiar.com\/wp-content\/plugins\/elementor\/assets\/images\/placeholder.png\" title=\"\" alt=\"\" loading=\"lazy\" \/>\t\t\t\t\t\t\t\t\t\t\t\t\t\t\t<\/div>\n\t\t\t\t<\/div>\n\t\t\t\t\t<\/div>\n\t\t\t\t<\/div>\n\t\t<div class=\"elementor-element elementor-element-9f4cc39 e-flex e-con-boxed e-con e-parent\" data-id=\"9f4cc39\" data-element_type=\"container\" data-e-type=\"container\">\n\t\t\t\t\t<div class=\"e-con-inner\">\n\t\t<div class=\"elementor-element elementor-element-ad722bb e-con-full e-flex e-con e-child\" data-id=\"ad722bb\" data-element_type=\"container\" data-e-type=\"container\">\n\t\t\t\t<div class=\"elementor-element elementor-element-ab561ff elementor-widget elementor-widget-heading\" data-id=\"ab561ff\" data-element_type=\"widget\" data-e-type=\"widget\" data-widget_type=\"heading.default\">\n\t\t\t\t\t<h2 class=\"elementor-heading-title elementor-size-default\">Identification and assessment of risks in the workplace<\/h2>\t\t\t\t<\/div>\n\t\t\t\t<div class=\"elementor-element elementor-element-dc68a6a elementor-widget elementor-widget-text-editor\" data-id=\"dc68a6a\" data-element_type=\"widget\" data-e-type=\"widget\" data-widget_type=\"text-editor.default\">\n\t\t\t\t\t\t\t\t\t<ul><li><span style=\"font-weight: 400;\"> Periodic inspection of premises, equipment and working conditions.<\/span><\/li><li><span style=\"font-weight: 400;\"> Analysis of physical, chemical, biological and ergonomic factors that may affect employee health.<\/span><\/li><li><span style=\"font-weight: 400;\"> Classification of risks by probability and severity to determine intervention priorities.<\/span><\/li><li><span style=\"font-weight: 400;\"> Preparation of detailed risk reports for each sector of activity.<\/span><\/li><\/ul>\t\t\t\t\t\t\t\t<\/div>\n\t\t\t\t<\/div>\n\t\t<div class=\"elementor-element elementor-element-263318f e-con-full e-flex e-con e-child\" data-id=\"263318f\" data-element_type=\"container\" data-e-type=\"container\">\n\t\t\t\t<div class=\"elementor-element elementor-element-1cd72a3 elementor-widget elementor-widget-image\" data-id=\"1cd72a3\" data-element_type=\"widget\" data-e-type=\"widget\" data-widget_type=\"image.default\">\n\t\t\t\t\t\t\t\t\t\t\t\t\t\t\t<img decoding=\"async\" src=\"https:\/\/siguriasiar.com\/wp-content\/plugins\/elementor\/assets\/images\/placeholder.png\" title=\"\" alt=\"\" loading=\"lazy\" \/>\t\t\t\t\t\t\t\t\t\t\t\t\t\t\t<\/div>\n\t\t\t\t<\/div>\n\t\t\t\t\t<\/div>\n\t\t\t\t<\/div>\n\t\t<div class=\"elementor-element elementor-element-359619b e-flex e-con-boxed e-con e-parent\" data-id=\"359619b\" data-element_type=\"container\" data-e-type=\"container\">\n\t\t\t\t\t<div class=\"e-con-inner\">\n\t\t<div class=\"elementor-element elementor-element-f64895a e-con-full e-flex e-con e-child\" data-id=\"f64895a\" data-element_type=\"container\" data-e-type=\"container\">\n\t\t\t\t<div class=\"elementor-element elementor-element-70e56ce elementor-widget elementor-widget-heading\" data-id=\"70e56ce\" data-element_type=\"widget\" data-e-type=\"widget\" data-widget_type=\"heading.default\">\n\t\t\t\t\t<h2 class=\"elementor-heading-title elementor-size-default\">Preventive and protective measures<\/h2>\t\t\t\t<\/div>\n\t\t\t\t<div class=\"elementor-element elementor-element-5186819 elementor-widget elementor-widget-text-editor\" data-id=\"5186819\" data-element_type=\"widget\" data-e-type=\"widget\" data-widget_type=\"text-editor.default\">\n\t\t\t\t\t\t\t\t\t<ul><li><span style=\"font-weight: 400;\"> Equipping each employee with personal protective equipment (PPE) according to position and nature of work.<\/span><\/li><li><span style=\"font-weight: 400;\"> Installing signaling and warning systems in high-risk environments.<\/span><\/li><li><span style=\"font-weight: 400;\"> Periodic technical inspection of equipment, electrical tools and fire installations.<\/span><\/li><li><span style=\"font-weight: 400;\"> Organizing practical exercises for evacuation and emergency response.<\/span><\/li><li><span style=\"font-weight: 400;\"> Establishing first aid points and training of persons responsible for initial intervention.<\/span><\/li><\/ul>\t\t\t\t\t\t\t\t<\/div>\n\t\t\t\t<\/div>\n\t\t<div class=\"elementor-element elementor-element-8d8f929 e-con-full e-flex e-con e-child\" data-id=\"8d8f929\" data-element_type=\"container\" data-e-type=\"container\">\n\t\t\t\t<div class=\"elementor-element elementor-element-46d5aa7 elementor-widget elementor-widget-image\" data-id=\"46d5aa7\" data-element_type=\"widget\" data-e-type=\"widget\" data-widget_type=\"image.default\">\n\t\t\t\t\t\t\t\t\t\t\t\t\t\t\t<img decoding=\"async\" src=\"https:\/\/siguriasiar.com\/wp-content\/plugins\/elementor\/assets\/images\/placeholder.png\" title=\"\" alt=\"\" loading=\"lazy\" \/>\t\t\t\t\t\t\t\t\t\t\t\t\t\t\t<\/div>\n\t\t\t\t<\/div>\n\t\t\t\t\t<\/div>\n\t\t\t\t<\/div>\n\t\t<div class=\"elementor-element elementor-element-fda9f9b e-flex e-con-boxed e-con e-parent\" data-id=\"fda9f9b\" data-element_type=\"container\" data-e-type=\"container\">\n\t\t\t\t\t<div class=\"e-con-inner\">\n\t\t<div class=\"elementor-element elementor-element-f48bd00 e-con-full e-flex e-con e-child\" data-id=\"f48bd00\" data-element_type=\"container\" data-e-type=\"container\">\n\t\t\t\t<div class=\"elementor-element elementor-element-f528873 elementor-widget elementor-widget-heading\" data-id=\"f528873\" data-element_type=\"widget\" data-e-type=\"widget\" data-widget_type=\"heading.default\">\n\t\t\t\t\t<h2 class=\"elementor-heading-title elementor-size-default\">Staff training and awareness<\/h2>\t\t\t\t<\/div>\n\t\t\t\t<div class=\"elementor-element elementor-element-ec5b8d7 elementor-widget elementor-widget-text-editor\" data-id=\"ec5b8d7\" data-element_type=\"widget\" data-e-type=\"widget\" data-widget_type=\"text-editor.default\">\n\t\t\t\t\t\t\t\t\t<ul><li><span style=\"font-weight: 400;\"> Initial and periodic training on safety, emergencies and behavior in critical situations.<\/span><\/li><li><span style=\"font-weight: 400;\"> Education on how to correctly use personal protective equipment and tools.<\/span><\/li><li><span style=\"font-weight: 400;\"> Simulations of risk situations to prepare staff for real events.<\/span><\/li><li><span style=\"font-weight: 400;\"> Building an ongoing safety culture program at the organizational level.<\/span><\/li><\/ul>\t\t\t\t\t\t\t\t<\/div>\n\t\t\t\t<\/div>\n\t\t<div class=\"elementor-element elementor-element-f29349f e-con-full e-flex e-con e-child\" data-id=\"f29349f\" data-element_type=\"container\" data-e-type=\"container\">\n\t\t\t\t<div class=\"elementor-element elementor-element-2ce9cc5 elementor-widget elementor-widget-image\" data-id=\"2ce9cc5\" data-element_type=\"widget\" data-e-type=\"widget\" data-widget_type=\"image.default\">\n\t\t\t\t\t\t\t\t\t\t\t\t\t\t\t<img decoding=\"async\" src=\"https:\/\/siguriasiar.com\/wp-content\/plugins\/elementor\/assets\/images\/placeholder.png\" title=\"\" alt=\"\" loading=\"lazy\" \/>\t\t\t\t\t\t\t\t\t\t\t\t\t\t\t<\/div>\n\t\t\t\t<\/div>\n\t\t\t\t\t<\/div>\n\t\t\t\t<\/div>\n\t\t<div class=\"elementor-element elementor-element-7d085e9 e-flex e-con-boxed e-con e-parent\" data-id=\"7d085e9\" data-element_type=\"container\" data-e-type=\"container\">\n\t\t\t\t\t<div class=\"e-con-inner\">\n\t\t<div class=\"elementor-element elementor-element-b271d0a e-con-full e-flex e-con e-child\" data-id=\"b271d0a\" data-element_type=\"container\" data-e-type=\"container\">\n\t\t\t\t<div class=\"elementor-element elementor-element-6cd7a1f elementor-widget elementor-widget-heading\" data-id=\"6cd7a1f\" data-element_type=\"widget\" data-e-type=\"widget\" data-widget_type=\"heading.default\">\n\t\t\t\t\t<h2 class=\"elementor-heading-title elementor-size-default\">Employee health care<\/h2>\t\t\t\t<\/div>\n\t\t\t\t<div class=\"elementor-element elementor-element-3f725d3 elementor-widget elementor-widget-text-editor\" data-id=\"3f725d3\" data-element_type=\"widget\" data-e-type=\"widget\" data-widget_type=\"text-editor.default\">\n\t\t\t\t\t\t\t\t\t<ul><li><span style=\"font-weight: 400;\"> Periodic medical check-ups and maintaining health records for employees.<\/span><\/li><li><span style=\"font-weight: 400;\"> Monitoring working conditions for pollution, noise, lighting and temperature.<\/span><\/li><li><span style=\"font-weight: 400;\"> Programs for mental health and stress prevention in the workplace.<\/span><\/li><li><span style=\"font-weight: 400;\"> Providing access to psychological counseling and support for employees in need.<\/span><\/li><\/ul>\t\t\t\t\t\t\t\t<\/div>\n\t\t\t\t<\/div>\n\t\t<div class=\"elementor-element elementor-element-4a5ac90 e-con-full e-flex e-con e-child\" data-id=\"4a5ac90\" data-element_type=\"container\" data-e-type=\"container\">\n\t\t\t\t<div class=\"elementor-element elementor-element-9fc2e6c elementor-widget elementor-widget-image\" data-id=\"9fc2e6c\" data-element_type=\"widget\" data-e-type=\"widget\" data-widget_type=\"image.default\">\n\t\t\t\t\t\t\t\t\t\t\t\t\t\t\t<img decoding=\"async\" src=\"https:\/\/siguriasiar.com\/wp-content\/plugins\/elementor\/assets\/images\/placeholder.png\" title=\"\" alt=\"\" loading=\"lazy\" \/>\t\t\t\t\t\t\t\t\t\t\t\t\t\t\t<\/div>\n\t\t\t\t<\/div>\n\t\t\t\t\t<\/div>\n\t\t\t\t<\/div>\n\t\t<div class=\"elementor-element elementor-element-62824ee e-flex e-con-boxed e-con e-parent\" data-id=\"62824ee\" data-element_type=\"container\" data-e-type=\"container\">\n\t\t\t\t\t<div class=\"e-con-inner\">\n\t\t<div class=\"elementor-element elementor-element-c3505b2 e-con-full e-flex e-con e-child\" data-id=\"c3505b2\" data-element_type=\"container\" data-e-type=\"container\">\n\t\t\t\t<div class=\"elementor-element elementor-element-ebdd312 elementor-widget elementor-widget-heading\" data-id=\"ebdd312\" data-element_type=\"widget\" data-e-type=\"widget\" data-widget_type=\"heading.default\">\n\t\t\t\t\t<h2 class=\"elementor-heading-title elementor-size-default\">Monitoring, reporting and continuous improvement<\/h2>\t\t\t\t<\/div>\n\t\t\t\t<div class=\"elementor-element elementor-element-efb81da elementor-widget elementor-widget-text-editor\" data-id=\"efb81da\" data-element_type=\"widget\" data-e-type=\"widget\" data-widget_type=\"text-editor.default\">\n\t\t\t\t\t\t\t\t\t<ul><li><span style=\"font-weight: 400;\"> Creation of a register of incidents and accidents at work.<\/span><\/li><li><span style=\"font-weight: 400;\"> Analysis of each incident to identify causes and prevent recurrence.<\/span><\/li><li><span style=\"font-weight: 400;\"> Regular internal and external audits on security standards.<\/span><\/li><li><span style=\"font-weight: 400;\"> Updating health and safety policies based on international best practices (ISO 45001).<\/span><\/li><\/ul>\t\t\t\t\t\t\t\t<\/div>\n\t\t\t\t<\/div>\n\t\t<div class=\"elementor-element elementor-element-5d602ff e-con-full e-flex e-con e-child\" data-id=\"5d602ff\" data-element_type=\"container\" data-e-type=\"container\">\n\t\t\t\t<div class=\"elementor-element elementor-element-c87684a elementor-widget elementor-widget-image\" data-id=\"c87684a\" data-element_type=\"widget\" data-e-type=\"widget\" data-widget_type=\"image.default\">\n\t\t\t\t\t\t\t\t\t\t\t\t\t\t\t<img decoding=\"async\" src=\"https:\/\/siguriasiar.com\/wp-content\/plugins\/elementor\/assets\/images\/placeholder.png\" title=\"\" alt=\"\" loading=\"lazy\" \/>\t\t\t\t\t\t\t\t\t\t\t\t\t\t\t<\/div>\n\t\t\t\t<\/div>\n\t\t\t\t\t<\/div>\n\t\t\t\t<\/div>\n\t\t<div class=\"elementor-element elementor-element-fd41e19 e-flex e-con-boxed e-con e-parent\" data-id=\"fd41e19\" data-element_type=\"container\" data-e-type=\"container\" data-settings=\"{&quot;background_background&quot;:&quot;classic&quot;}\">\n\t\t\t\t\t<div class=\"e-con-inner\">\n\t\t\t\t<div class=\"elementor-element elementor-element-851b4b0 elementor-widget__width-initial elementor-widget elementor-widget-elementskit-heading\" data-id=\"851b4b0\" data-element_type=\"widget\" data-e-type=\"widget\" data-widget_type=\"elementskit-heading.default\">\n\t\t\t\t\t<div class=\"ekit-wid-con\" ><div class=\"ekit-heading elementskit-section-title-wraper center   ekit_heading_tablet-   ekit_heading_mobile-\"><h3 class=\"elementskit-section-subtitle\">\n\t\t\t\t\t\tYour safety is our priority.\n\t\t\t\t\t<\/h3><h2 class=\"ekit-heading--title elementskit-section-title\">Find out how we can help you protect what matters most.<\/h2><\/div><\/div>\t\t\t\t<\/div>\n\t\t\t\t<div class=\"elementor-element elementor-element-dd8e694 elementor-align--mobilecenter elementor-align-center elementor-widget elementor-widget-elementskit-button\" data-id=\"dd8e694\" data-element_type=\"widget\" data-e-type=\"widget\" data-widget_type=\"elementskit-button.default\">\n\t\t\t\t\t<div class=\"ekit-wid-con\" >\t\t<div class=\"ekit-btn-wraper\">\n\t\t\t\t\t\t\t<a href=\"#\" class=\"elementskit-btn  whitespace--normal\" id=\"\">\n\t\t\t\t\t<svg class=\"e-font-icon-svg e-fas-phone-alt\" viewbox=\"0 0 512 512\" xmlns=\"http:\/\/www.w3.org\/2000\/svg\"><path d=\"M497.39 361.8l-112-48a24 24 0 0 0-28 6.9l-49.6 60.6A370.66 370.66 0 0 1 130.6 204.11l60.6-49.6a23.94 23.94 0 0 0 6.9-28l-48-112A24.16 24.16 0 0 0 122.6.61l-104 24A24 24 0 0 0 0 48c0 256.5 207.9 464 464 464a24 24 0 0 0 23.4-18.6l24-104a24.29 24.29 0 0 0-14.01-27.6z\"><\/path><\/svg>Contact now\t\t\t\t<\/a>\n\t\t\t\t\t<\/div>\n        <\/div>\t\t\t\t<\/div>\n\t\t\t\t\t<\/div>\n\t\t\t\t<\/div>\n\t\t\t\t<\/div>","protected":false},"excerpt":{"rendered":"<p>Siguria &amp; Sh\u00ebndeti n\u00eb Pun\u00eb Krijojm\u00eb ambiente pune t\u00eb sigurta dhe n\u00eb p\u00ebrputhje me standardet ligjore p\u00ebr mir\u00ebqenien e punonj\u00ebsve tuaj. Kuadri i p\u00ebrgjithsh\u00ebm i siguris\u00eb n\u00eb pun\u00eb Zbatimi i Ligjit nr. 10237, dat\u00eb 18.02.2010 \u201cP\u00ebr sigurin\u00eb dhe sh\u00ebndetin n\u00eb pun\u00eb\u201d dhe akteve n\u00ebnligjore p\u00ebrkat\u00ebse. Krijimi i nj\u00eb kulture sigurie ku \u00e7do punonj\u00ebs \u00ebsht\u00eb i [&hellip;]<\/p>\n","protected":false},"author":1,"featured_media":0,"parent":0,"menu_order":0,"comment_status":"closed","ping_status":"closed","template":"","meta":{"footnotes":""},"class_list":["post-490","page","type-page","status-publish","hentry"],"_hostinger_reach_plugin_has_subscription_block":false,"_hostinger_reach_plugin_is_elementor":false,"_links":{"self":[{"href":"https:\/\/siguriasiar.com\/en\/wp-json\/wp\/v2\/pages\/490","targetHints":{"allow":["GET"]}}],"collection":[{"href":"https:\/\/siguriasiar.com\/en\/wp-json\/wp\/v2\/pages"}],"about":[{"href":"https:\/\/siguriasiar.com\/en\/wp-json\/wp\/v2\/types\/page"}],"author":[{"embeddable":true,"href":"https:\/\/siguriasiar.com\/en\/wp-json\/wp\/v2\/users\/1"}],"replies":[{"embeddable":true,"href":"https:\/\/siguriasiar.com\/en\/wp-json\/wp\/v2\/comments?post=490"}],"version-history":[{"count":32,"href":"https:\/\/siguriasiar.com\/en\/wp-json\/wp\/v2\/pages\/490\/revisions"}],"predecessor-version":[{"id":1658,"href":"https:\/\/siguriasiar.com\/en\/wp-json\/wp\/v2\/pages\/490\/revisions\/1658"}],"wp:attachment":[{"href":"https:\/\/siguriasiar.com\/en\/wp-json\/wp\/v2\/media?parent=490"}],"curies":[{"name":"wp","href":"https:\/\/api.w.org\/{rel}","templated":true}]}}