{"id":496,"date":"2025-11-05T20:31:50","date_gmt":"2025-11-05T20:31:50","guid":{"rendered":"https:\/\/siguriasiar.com\/?page_id=496"},"modified":"2025-11-18T21:25:58","modified_gmt":"2025-11-18T21:25:58","slug":"vrojtim-cctv-platformat-online","status":"publish","type":"page","link":"https:\/\/siguriasiar.com\/en\/vrojtim-cctv-platformat-online\/","title":{"rendered":"CCTV surveillance &amp; online platforms"},"content":{"rendered":"<div data-elementor-type=\"wp-page\" data-elementor-id=\"496\" class=\"elementor elementor-496\" data-elementor-post-type=\"page\">\n\t\t\t\t<div class=\"elementor-element elementor-element-08f769e e-flex e-con-boxed e-con e-parent\" data-id=\"08f769e\" data-element_type=\"container\" data-e-type=\"container\" data-settings=\"{&quot;background_background&quot;:&quot;classic&quot;}\">\n\t\t\t\t\t<div class=\"e-con-inner\">\n\t\t\t\t<div class=\"elementor-element elementor-element-ba60ba0 elementor-widget elementor-widget-elementskit-heading\" data-id=\"ba60ba0\" data-element_type=\"widget\" data-e-type=\"widget\" data-widget_type=\"elementskit-heading.default\">\n\t\t\t\t\t<div class=\"ekit-wid-con\" ><div class=\"ekit-heading elementskit-section-title-wraper text_left   ekit_heading_tablet-   ekit_heading_mobile-text_center\"><h2 class=\"ekit-heading--title elementskit-section-title\">CCTV surveillance &amp; online platforms<\/h2><h5 class=\"ekit-heading--subtitle elementskit-section-subtitle\">\n\t\t\t\t\t\tAdvanced monitoring and intelligent management to ensure real-time security.\n\t\t\t\t\t<\/h5><\/div><\/div>\t\t\t\t<\/div>\n\t\t\t\t\t<\/div>\n\t\t\t\t<\/div>\n\t\t<div class=\"elementor-element elementor-element-fd72aac e-flex e-con-boxed e-con e-parent\" data-id=\"fd72aac\" data-element_type=\"container\" data-e-type=\"container\">\n\t\t\t\t\t<div class=\"e-con-inner\">\n\t\t<div class=\"elementor-element elementor-element-70eea8c e-con-full e-flex e-con e-child\" data-id=\"70eea8c\" data-element_type=\"container\" data-e-type=\"container\">\n\t\t\t\t<div class=\"elementor-element elementor-element-6daed5d elementor-widget elementor-widget-heading\" data-id=\"6daed5d\" data-element_type=\"widget\" data-e-type=\"widget\" data-widget_type=\"heading.default\">\n\t\t\t\t\t<h2 class=\"elementor-heading-title elementor-size-default\">Purpose and function of CCTV systems<\/h2>\t\t\t\t<\/div>\n\t\t\t\t<div class=\"elementor-element elementor-element-2535d7c elementor-widget elementor-widget-text-editor\" data-id=\"2535d7c\" data-element_type=\"widget\" data-e-type=\"widget\" data-widget_type=\"text-editor.default\">\n\t\t\t\t\t\t\t\t\t<ul><li><span style=\"font-weight: 400;\"> Ensuring continuous monitoring of internal and external environments to prevent adverse events.<\/span><\/li><li><span style=\"font-weight: 400;\"> Creating visual evidence for post-event investigation (incident, theft, property damage or labor conflict).<\/span><\/li><li><span style=\"font-weight: 400;\"> Increasing the sense of security among staff and clients, reducing the risk of abuse.<\/span><\/li><li><span style=\"font-weight: 400;\"> Real-time operational surveillance to control the flow of employees, vehicles and assets.<\/span><\/li><\/ul>\t\t\t\t\t\t\t\t<\/div>\n\t\t\t\t<\/div>\n\t\t<div class=\"elementor-element elementor-element-9e7912d e-con-full e-flex e-con e-child\" data-id=\"9e7912d\" data-element_type=\"container\" data-e-type=\"container\">\n\t\t\t\t<div class=\"elementor-element elementor-element-198257b elementor-widget elementor-widget-image\" data-id=\"198257b\" data-element_type=\"widget\" data-e-type=\"widget\" data-widget_type=\"image.default\">\n\t\t\t\t\t\t\t\t\t\t\t\t\t\t\t<img decoding=\"async\" src=\"https:\/\/siguriasiar.com\/wp-content\/plugins\/elementor\/assets\/images\/placeholder.png\" title=\"\" alt=\"\" loading=\"lazy\" \/>\t\t\t\t\t\t\t\t\t\t\t\t\t\t\t<\/div>\n\t\t\t\t<\/div>\n\t\t\t\t\t<\/div>\n\t\t\t\t<\/div>\n\t\t<div class=\"elementor-element elementor-element-020d2a9 e-flex e-con-boxed e-con e-parent\" data-id=\"020d2a9\" data-element_type=\"container\" data-e-type=\"container\">\n\t\t\t\t\t<div class=\"e-con-inner\">\n\t\t<div class=\"elementor-element elementor-element-ddadefd e-con-full e-flex e-con e-child\" data-id=\"ddadefd\" data-element_type=\"container\" data-e-type=\"container\">\n\t\t\t\t<div class=\"elementor-element elementor-element-45e9fcb elementor-widget elementor-widget-heading\" data-id=\"45e9fcb\" data-element_type=\"widget\" data-e-type=\"widget\" data-widget_type=\"heading.default\">\n\t\t\t\t\t<h2 class=\"elementor-heading-title elementor-size-default\">Main components of CCTV system<\/h2>\t\t\t\t<\/div>\n\t\t\t\t<div class=\"elementor-element elementor-element-c934871 elementor-widget elementor-widget-text-editor\" data-id=\"c934871\" data-element_type=\"widget\" data-e-type=\"widget\" data-widget_type=\"text-editor.default\">\n\t\t\t\t\t\t\t\t\t<ul><li><span style=\"font-weight: 400;\"> High resolution IP \/ analog cameras, adapted to the environment (indoor \/ outdoor \/ thermal).<\/span><\/li><li><span style=\"font-weight: 400;\"> DVR\/NVR for recording, archiving and managing video materials.<\/span><\/li><li><span style=\"font-weight: 400;\"> Intelligent sensors for detecting movement, noise or lighting anomalies.<\/span><\/li><li><span style=\"font-weight: 400;\"> Central monitors and control centers with limited access according to authorization hierarchy.<\/span><\/li><li><span style=\"font-weight: 400;\"> Network infrastructure secured with firewall and encrypted access (VPN, HTTPS).<\/span><\/li><\/ul>\t\t\t\t\t\t\t\t<\/div>\n\t\t\t\t<\/div>\n\t\t<div class=\"elementor-element elementor-element-c312e1b e-con-full e-flex e-con e-child\" data-id=\"c312e1b\" data-element_type=\"container\" data-e-type=\"container\">\n\t\t\t\t<div class=\"elementor-element elementor-element-3be4eb0 elementor-widget elementor-widget-image\" data-id=\"3be4eb0\" data-element_type=\"widget\" data-e-type=\"widget\" data-widget_type=\"image.default\">\n\t\t\t\t\t\t\t\t\t\t\t\t\t\t\t<img decoding=\"async\" src=\"https:\/\/siguriasiar.com\/wp-content\/plugins\/elementor\/assets\/images\/placeholder.png\" title=\"\" alt=\"\" loading=\"lazy\" \/>\t\t\t\t\t\t\t\t\t\t\t\t\t\t\t<\/div>\n\t\t\t\t<\/div>\n\t\t\t\t\t<\/div>\n\t\t\t\t<\/div>\n\t\t<div class=\"elementor-element elementor-element-c42ace3 e-flex e-con-boxed e-con e-parent\" data-id=\"c42ace3\" data-element_type=\"container\" data-e-type=\"container\">\n\t\t\t\t\t<div class=\"e-con-inner\">\n\t\t<div class=\"elementor-element elementor-element-6704dce e-con-full e-flex e-con e-child\" data-id=\"6704dce\" data-element_type=\"container\" data-e-type=\"container\">\n\t\t\t\t<div class=\"elementor-element elementor-element-f06b6a7 elementor-widget elementor-widget-heading\" data-id=\"f06b6a7\" data-element_type=\"widget\" data-e-type=\"widget\" data-widget_type=\"heading.default\">\n\t\t\t\t\t<h2 class=\"elementor-heading-title elementor-size-default\">Online management and monitoring platforms<\/h2>\t\t\t\t<\/div>\n\t\t\t\t<div class=\"elementor-element elementor-element-de8e895 elementor-widget elementor-widget-text-editor\" data-id=\"de8e895\" data-element_type=\"widget\" data-e-type=\"widget\" data-widget_type=\"text-editor.default\">\n\t\t\t\t\t\t\t\t\t<ul><li><span style=\"font-weight: 400;\"> Using cloud platforms for real-time access from any device (computer, tablet, smartphone).<\/span><\/li><li><span style=\"font-weight: 400;\"> Advanced functions for:<\/span><\/li><\/ul><ol><li><span style=\"font-weight: 400;\">Fast Playback &amp; Search based on time or event;<\/span><\/li><li><span style=\"font-weight: 400;\">Automatic alerts for movement, signal interruption, or sabotage attempts;<\/span><\/li><li><span style=\"font-weight: 400;\">Intelligent reports on daily activity, input-output flows and recorded events.<\/span><\/li><li><span style=\"font-weight: 400;\">Integration with access control systems, anti-intruder alarms, and fire sensors.<\/span><\/li><li><span style=\"font-weight: 400;\">Use of end-to-end encryption to maintain data confidentiality and integrity.<\/span><\/li><\/ol>\t\t\t\t\t\t\t\t<\/div>\n\t\t\t\t<\/div>\n\t\t<div class=\"elementor-element elementor-element-e862d9a e-con-full e-flex e-con e-child\" data-id=\"e862d9a\" data-element_type=\"container\" data-e-type=\"container\">\n\t\t\t\t<div class=\"elementor-element elementor-element-f10253d elementor-widget elementor-widget-image\" data-id=\"f10253d\" data-element_type=\"widget\" data-e-type=\"widget\" data-widget_type=\"image.default\">\n\t\t\t\t\t\t\t\t\t\t\t\t\t\t\t<img decoding=\"async\" src=\"https:\/\/siguriasiar.com\/wp-content\/plugins\/elementor\/assets\/images\/placeholder.png\" title=\"\" alt=\"\" loading=\"lazy\" \/>\t\t\t\t\t\t\t\t\t\t\t\t\t\t\t<\/div>\n\t\t\t\t<\/div>\n\t\t\t\t\t<\/div>\n\t\t\t\t<\/div>\n\t\t<div class=\"elementor-element elementor-element-47bd401 e-flex e-con-boxed e-con e-parent\" data-id=\"47bd401\" data-element_type=\"container\" data-e-type=\"container\">\n\t\t\t\t\t<div class=\"e-con-inner\">\n\t\t<div class=\"elementor-element elementor-element-927a580 e-con-full e-flex e-con e-child\" data-id=\"927a580\" data-element_type=\"container\" data-e-type=\"container\">\n\t\t\t\t<div class=\"elementor-element elementor-element-6c076d9 elementor-widget elementor-widget-heading\" data-id=\"6c076d9\" data-element_type=\"widget\" data-e-type=\"widget\" data-widget_type=\"heading.default\">\n\t\t\t\t\t<h2 class=\"elementor-heading-title elementor-size-default\">Data security and protection<\/h2>\t\t\t\t<\/div>\n\t\t\t\t<div class=\"elementor-element elementor-element-a609673 elementor-widget elementor-widget-text-editor\" data-id=\"a609673\" data-element_type=\"widget\" data-e-type=\"widget\" data-widget_type=\"text-editor.default\">\n\t\t\t\t\t\t\t\t\t<ul><li><span style=\"font-weight: 400;\"> Compliance with the law on the protection of personal data and retention of records only for the legally permitted period.<\/span><\/li><li><span style=\"font-weight: 400;\"> Control of system access authorizations and audit trail of each user.<\/span><\/li><li><span style=\"font-weight: 400;\"> Automatic backups on physically and digitally secured servers.<\/span><\/li><li><span style=\"font-weight: 400;\"> Implementation of ISO 27001 and GDPR compliance standards for information security.<\/span><\/li><\/ul>\t\t\t\t\t\t\t\t<\/div>\n\t\t\t\t<\/div>\n\t\t<div class=\"elementor-element elementor-element-0f50d74 e-con-full e-flex e-con e-child\" data-id=\"0f50d74\" data-element_type=\"container\" data-e-type=\"container\">\n\t\t\t\t<div class=\"elementor-element elementor-element-840394b elementor-widget elementor-widget-image\" data-id=\"840394b\" data-element_type=\"widget\" data-e-type=\"widget\" data-widget_type=\"image.default\">\n\t\t\t\t\t\t\t\t\t\t\t\t\t\t\t<img decoding=\"async\" src=\"https:\/\/siguriasiar.com\/wp-content\/plugins\/elementor\/assets\/images\/placeholder.png\" title=\"\" alt=\"\" loading=\"lazy\" \/>\t\t\t\t\t\t\t\t\t\t\t\t\t\t\t<\/div>\n\t\t\t\t<\/div>\n\t\t\t\t\t<\/div>\n\t\t\t\t<\/div>\n\t\t<div class=\"elementor-element elementor-element-bfdfeea e-flex e-con-boxed e-con e-parent\" data-id=\"bfdfeea\" data-element_type=\"container\" data-e-type=\"container\">\n\t\t\t\t\t<div class=\"e-con-inner\">\n\t\t<div class=\"elementor-element elementor-element-0f95b2a e-con-full e-flex e-con e-child\" data-id=\"0f95b2a\" data-element_type=\"container\" data-e-type=\"container\">\n\t\t\t\t<div class=\"elementor-element elementor-element-da4e562 elementor-widget elementor-widget-heading\" data-id=\"da4e562\" data-element_type=\"widget\" data-e-type=\"widget\" data-widget_type=\"heading.default\">\n\t\t\t\t\t<h2 class=\"elementor-heading-title elementor-size-default\">Proactive maintenance and monitoring<\/h2>\t\t\t\t<\/div>\n\t\t\t\t<div class=\"elementor-element elementor-element-4565f41 elementor-widget elementor-widget-text-editor\" data-id=\"4565f41\" data-element_type=\"widget\" data-e-type=\"widget\" data-widget_type=\"text-editor.default\">\n\t\t\t\t\t\t\t\t\t<ul><li><span style=\"font-weight: 400;\"> Periodic inspection of cameras, cabling and recording devices.<\/span><\/li><li><span style=\"font-weight: 400;\"> Monthly testing of online platforms for performance, signal latency, and video integrity.<\/span><\/li><li><span style=\"font-weight: 400;\"> Update security software to prevent unauthorized access.<\/span><\/li><li><span style=\"font-weight: 400;\"> Regular technical reporting with suggestions for improvements and modernization of equipment.<\/span><\/li><\/ul>\t\t\t\t\t\t\t\t<\/div>\n\t\t\t\t<\/div>\n\t\t<div class=\"elementor-element elementor-element-deb992d e-con-full e-flex e-con e-child\" data-id=\"deb992d\" data-element_type=\"container\" data-e-type=\"container\">\n\t\t\t\t<div class=\"elementor-element elementor-element-d14c6c4 elementor-widget elementor-widget-image\" data-id=\"d14c6c4\" data-element_type=\"widget\" data-e-type=\"widget\" data-widget_type=\"image.default\">\n\t\t\t\t\t\t\t\t\t\t\t\t\t\t\t<img decoding=\"async\" src=\"https:\/\/siguriasiar.com\/wp-content\/plugins\/elementor\/assets\/images\/placeholder.png\" title=\"\" alt=\"\" loading=\"lazy\" \/>\t\t\t\t\t\t\t\t\t\t\t\t\t\t\t<\/div>\n\t\t\t\t<\/div>\n\t\t\t\t\t<\/div>\n\t\t\t\t<\/div>\n\t\t<div class=\"elementor-element elementor-element-e820e57 e-flex e-con-boxed e-con e-parent\" data-id=\"e820e57\" data-element_type=\"container\" data-e-type=\"container\">\n\t\t\t\t\t<div class=\"e-con-inner\">\n\t\t<div class=\"elementor-element elementor-element-d1fb097 e-con-full e-flex e-con e-child\" data-id=\"d1fb097\" data-element_type=\"container\" data-e-type=\"container\">\n\t\t\t\t<div class=\"elementor-element elementor-element-1c3b469 elementor-widget elementor-widget-heading\" data-id=\"1c3b469\" data-element_type=\"widget\" data-e-type=\"widget\" data-widget_type=\"heading.default\">\n\t\t\t\t\t<h2 class=\"elementor-heading-title elementor-size-default\">Benefits for business<\/h2>\t\t\t\t<\/div>\n\t\t\t\t<div class=\"elementor-element elementor-element-89b1154 elementor-widget elementor-widget-text-editor\" data-id=\"89b1154\" data-element_type=\"widget\" data-e-type=\"widget\" data-widget_type=\"text-editor.default\">\n\t\t\t\t\t\t\t\t\t<ul><li><span style=\"font-weight: 400;\"> Increased operational and legal security.<\/span><\/li><li><span style=\"font-weight: 400;\"> Reducing the costs of losses from theft or damage.<\/span><\/li><li><span style=\"font-weight: 400;\"> Better transparency and internal control over staff and suppliers.<\/span><\/li><li><span style=\"font-weight: 400;\"> Full integration with risk management strategy and emergency response systems<\/span><\/li><\/ul>\t\t\t\t\t\t\t\t<\/div>\n\t\t\t\t<\/div>\n\t\t<div class=\"elementor-element elementor-element-596ef6f e-con-full e-flex e-con e-child\" data-id=\"596ef6f\" data-element_type=\"container\" data-e-type=\"container\">\n\t\t\t\t<div class=\"elementor-element elementor-element-50ad9b1 elementor-widget elementor-widget-image\" data-id=\"50ad9b1\" data-element_type=\"widget\" data-e-type=\"widget\" data-widget_type=\"image.default\">\n\t\t\t\t\t\t\t\t\t\t\t\t\t\t\t<img decoding=\"async\" src=\"https:\/\/siguriasiar.com\/wp-content\/plugins\/elementor\/assets\/images\/placeholder.png\" title=\"\" alt=\"\" loading=\"lazy\" \/>\t\t\t\t\t\t\t\t\t\t\t\t\t\t\t<\/div>\n\t\t\t\t<\/div>\n\t\t\t\t\t<\/div>\n\t\t\t\t<\/div>\n\t\t<div class=\"elementor-element elementor-element-3f45fba e-flex e-con-boxed e-con e-parent\" data-id=\"3f45fba\" data-element_type=\"container\" data-e-type=\"container\" data-settings=\"{&quot;background_background&quot;:&quot;classic&quot;}\">\n\t\t\t\t\t<div class=\"e-con-inner\">\n\t\t\t\t<div class=\"elementor-element elementor-element-9297d6b elementor-widget__width-initial elementor-widget elementor-widget-elementskit-heading\" data-id=\"9297d6b\" data-element_type=\"widget\" data-e-type=\"widget\" data-widget_type=\"elementskit-heading.default\">\n\t\t\t\t\t<div class=\"ekit-wid-con\" ><div class=\"ekit-heading elementskit-section-title-wraper center   ekit_heading_tablet-   ekit_heading_mobile-\"><h3 class=\"elementskit-section-subtitle\">\n\t\t\t\t\t\tYour safety is our priority.\n\t\t\t\t\t<\/h3><h2 class=\"ekit-heading--title elementskit-section-title\">Find out how we can help you protect what matters most.<\/h2><\/div><\/div>\t\t\t\t<\/div>\n\t\t\t\t<div class=\"elementor-element elementor-element-a5e5301 elementor-align--mobilecenter elementor-align-center elementor-widget elementor-widget-elementskit-button\" data-id=\"a5e5301\" data-element_type=\"widget\" data-e-type=\"widget\" data-widget_type=\"elementskit-button.default\">\n\t\t\t\t\t<div class=\"ekit-wid-con\" >\t\t<div class=\"ekit-btn-wraper\">\n\t\t\t\t\t\t\t<a href=\"#\" class=\"elementskit-btn  whitespace--normal\" id=\"\">\n\t\t\t\t\t<svg class=\"e-font-icon-svg e-fas-phone-alt\" viewbox=\"0 0 512 512\" xmlns=\"http:\/\/www.w3.org\/2000\/svg\"><path d=\"M497.39 361.8l-112-48a24 24 0 0 0-28 6.9l-49.6 60.6A370.66 370.66 0 0 1 130.6 204.11l60.6-49.6a23.94 23.94 0 0 0 6.9-28l-48-112A24.16 24.16 0 0 0 122.6.61l-104 24A24 24 0 0 0 0 48c0 256.5 207.9 464 464 464a24 24 0 0 0 23.4-18.6l24-104a24.29 24.29 0 0 0-14.01-27.6z\"><\/path><\/svg>Contact now\t\t\t\t<\/a>\n\t\t\t\t\t<\/div>\n        <\/div>\t\t\t\t<\/div>\n\t\t\t\t\t<\/div>\n\t\t\t\t<\/div>\n\t\t\t\t<\/div>","protected":false},"excerpt":{"rendered":"<p>Vrojtim CCTV &amp; platformat online Monitorim i avancuar dhe menaxhim inteligjent p\u00ebr garantimin e siguris\u00eb n\u00eb koh\u00eb reale. Q\u00ebllimi dhe funksioni i sistemeve CCTV Sigurimi i monitorimit t\u00eb vazhduesh\u00ebm t\u00eb ambienteve t\u00eb brendshme dhe t\u00eb jashtme p\u00ebr parandalimin e ngjarjeve t\u00eb pad\u00ebshiruara. Krijimi i provat vizuale p\u00ebr hetim pas ngjarjes (incident, vjedhje, d\u00ebmtim prone apo [&hellip;]<\/p>\n","protected":false},"author":1,"featured_media":0,"parent":0,"menu_order":0,"comment_status":"closed","ping_status":"closed","template":"","meta":{"footnotes":""},"class_list":["post-496","page","type-page","status-publish","hentry"],"_hostinger_reach_plugin_has_subscription_block":false,"_hostinger_reach_plugin_is_elementor":false,"_links":{"self":[{"href":"https:\/\/siguriasiar.com\/en\/wp-json\/wp\/v2\/pages\/496","targetHints":{"allow":["GET"]}}],"collection":[{"href":"https:\/\/siguriasiar.com\/en\/wp-json\/wp\/v2\/pages"}],"about":[{"href":"https:\/\/siguriasiar.com\/en\/wp-json\/wp\/v2\/types\/page"}],"author":[{"embeddable":true,"href":"https:\/\/siguriasiar.com\/en\/wp-json\/wp\/v2\/users\/1"}],"replies":[{"embeddable":true,"href":"https:\/\/siguriasiar.com\/en\/wp-json\/wp\/v2\/comments?post=496"}],"version-history":[{"count":28,"href":"https:\/\/siguriasiar.com\/en\/wp-json\/wp\/v2\/pages\/496\/revisions"}],"predecessor-version":[{"id":1652,"href":"https:\/\/siguriasiar.com\/en\/wp-json\/wp\/v2\/pages\/496\/revisions\/1652"}],"wp:attachment":[{"href":"https:\/\/siguriasiar.com\/en\/wp-json\/wp\/v2\/media?parent=496"}],"curies":[{"name":"wp","href":"https:\/\/api.w.org\/{rel}","templated":true}]}}